{"id":4740,"date":"2024-07-09T16:30:18","date_gmt":"2024-07-09T14:30:18","guid":{"rendered":"https:\/\/hgency.be\/?page_id=4740"},"modified":"2024-08-29T15:42:34","modified_gmt":"2024-08-29T13:42:34","slug":"blog","status":"publish","type":"page","link":"https:\/\/hgency.be\/fr\/blog\/","title":{"rendered":"Blog"},"content":{"rendered":"<section class=\"l-section wpb_row height_medium\"><div class=\"l-section-h i-cf\"><div class=\"g-cols vc_row via_grid cols_1 laptops-cols_inherit tablets-cols_inherit mobiles-cols_1 valign_top type_default stacking_default\"><div class=\"wpb_column vc_column_container\"><div class=\"vc_column-inner\"><h1 class=\"w-text us_custom_f76cfc89\"><span class=\"w-text-h\"><span class=\"w-text-value\">Blog<\/span><\/span><\/h1><div class=\"w-grid us_grid with_filters type_masonry layout_blog_11 cols_2 pagination_infinite preload_style_spinner with_isotope\" id=\"us_grid_1\" style=\"--columns:2;--gap:1.5rem;\"><style>@media (max-width:600px){#us_grid_1{--columns:1!important}}@media (min-width:1024px){#us_grid_1 .w-post-elm.post_title{font-size:1.8rem!important}}.layout_blog_11 .w-grid-item-h{}.layout_blog_11 .usg_post_title_1{font-size:1.4rem!important;font-weight:700!important;margin-bottom:0.5rem!important}.layout_blog_11 .usg_hwrapper_1{color:var(--color-content-faded)!important;font-size:0.9rem!important}.layout_blog_11 .usg_post_taxonomy_1{font-weight:700!important;text-transform:uppercase!important}.layout_blog_11 .usg_post_image_1{margin-top:0.7rem!important}.layout_blog_11 .usg_post_content_1{max-width:600px!important;margin-top:0.8rem!important}@media (max-width:600px){.layout_blog_11 .usg_post_title_1{font-size:1.2rem!important}}<\/style><div class=\"g-filters style_2 align_left\"><button class=\"g-filters-item active\" data-taxonomy=\"*\"><span>Tous<\/span><\/button><button class=\"g-filters-item\" data-taxonomy=\"referencement-naturel\" data-amount=\"1\"><span>R\u00e9f\u00e9rencement naturel<\/span><span class=\"g-filters-item-amount\">1<\/span><\/button><button class=\"g-filters-item\" data-taxonomy=\"web-analytics\" data-amount=\"1\"><span>Web Analytics<\/span><span class=\"g-filters-item-amount\">1<\/span><\/button><\/div><div class=\"w-grid-list\" data-filter_taxonomy_name=\"category\">\t<article class=\"w-grid-item size_1x1 post-4771 post type-post status-publish format-standard has-post-thumbnail hentry category-referencement-naturel\" data-id=\"4771\">\r\n\t\t<div class=\"w-grid-item-h\">\r\n\t\t\t\t\t\t<h2 class=\"w-post-elm post_title usg_post_title_1 entry-title color_link_inherit\"><a href=\"https:\/\/hgency.be\/fr\/blog\/referencement-naturel\/comment-rediger-un-article-de-blog\/\">Comment r\u00e9diger un article de blog pour am\u00e9liorer le r\u00e9f\u00e9rencement de son site<\/a><\/h2><div class=\"w-hwrapper usg_hwrapper_1 has_text_color align_none valign_top wrap\"><div class=\"w-post-elm post_taxonomy usg_post_taxonomy_1 style_simple\"><a class=\"term-131 term-referencement-naturel\" href=\"https:\/\/hgency.be\/fr\/blog\/category\/referencement-naturel\/\">R\u00e9f\u00e9rencement naturel<\/a><\/div><time class=\"w-post-elm post_date usg_post_date_1 entry-date published\" datetime=\"2024-08-21T18:47:26+02:00\" title=\"21 ao\u00fbt 2024 \u00e0 18:47:26 Europe\/Brussels\">il y a 2 ans<\/time><\/div><div class=\"w-post-elm post_image usg_post_image_1 stretched\"><a href=\"https:\/\/hgency.be\/fr\/blog\/referencement-naturel\/comment-rediger-un-article-de-blog\/\" aria-label=\"Comment r\u00e9diger un article de blog pour am\u00e9liorer le r\u00e9f\u00e9rencement de son site\"><img loading=\"lazy\" decoding=\"async\" width=\"1200\" height=\"628\" src=\"https:\/\/hgency.be\/wp-content\/uploads\/2024\/08\/featured-image.jpg\" class=\"attachment-us_600_337_crop size-us_600_337_crop wp-post-image\" alt=\"une personne \u00e9crivant un article de blog dans un parc\" srcset=\"https:\/\/hgency.be\/wp-content\/uploads\/2024\/08\/featured-image.jpg 1200w, https:\/\/hgency.be\/wp-content\/uploads\/2024\/08\/featured-image-300x157.jpg 300w, https:\/\/hgency.be\/wp-content\/uploads\/2024\/08\/featured-image-1024x536.jpg 1024w\" sizes=\"auto, (max-width: 1200px) 100vw, 1200px\" \/><\/a><\/div><div class=\"w-post-elm post_content usg_post_content_1\">R\u00e9diger des articles de blog reste l&#8217;un des meilleurs moyens d&#8217;am\u00e9liorer le r\u00e9f\u00e9rencement de votre site web et de gagner en visibilit\u00e9 dans les r\u00e9sultats de recherche. Non seulement ces\u2026<\/div>\t\t<\/div>\r\n\t\t\t<\/article>\r\n\t<article class=\"w-grid-item size_1x1 post-4728 post type-post status-publish format-standard has-post-thumbnail hentry category-web-analytics\" data-id=\"4728\">\r\n\t\t<div class=\"w-grid-item-h\">\r\n\t\t\t\t\t\t<h2 class=\"w-post-elm post_title usg_post_title_1 entry-title color_link_inherit\"><a href=\"https:\/\/hgency.be\/fr\/blog\/web-analytics\/consentement-cookies\/\">Mise en place d&#8217;une banni\u00e8re de consentement de cookies et de Google Consent Mode avec Google Tag Manager<\/a><\/h2><div class=\"w-hwrapper usg_hwrapper_1 has_text_color align_none valign_top wrap\"><div class=\"w-post-elm post_taxonomy usg_post_taxonomy_1 style_simple\"><a class=\"term-129 term-web-analytics\" href=\"https:\/\/hgency.be\/fr\/blog\/category\/web-analytics\/\">Web Analytics<\/a><\/div><time class=\"w-post-elm post_date usg_post_date_1 entry-date published\" datetime=\"2024-07-09T10:11:59+02:00\" title=\"9 juillet 2024 \u00e0 10:11:59 Europe\/Brussels\">il y a 2 ans<\/time><\/div><div class=\"w-post-elm post_image usg_post_image_1 stretched\"><a href=\"https:\/\/hgency.be\/fr\/blog\/web-analytics\/consentement-cookies\/\" aria-label=\"Mise en place d&#8217;une banni\u00e8re de consentement de cookies et de Google Consent Mode avec Google Tag Manager\"><div class=\"w-post-slider-trigger\" style=\"width:50%; left:0%;\"><\/div><img loading=\"lazy\" decoding=\"async\" width=\"1200\" height=\"628\" src=\"https:\/\/hgency.be\/wp-content\/uploads\/2024\/07\/featured-image-1.png\" class=\"attachment-us_600_337_crop size-us_600_337_crop\" alt=\"Cookie consent form\" srcset=\"https:\/\/hgency.be\/wp-content\/uploads\/2024\/07\/featured-image-1.png 1200w, https:\/\/hgency.be\/wp-content\/uploads\/2024\/07\/featured-image-1-300x157.png 300w, https:\/\/hgency.be\/wp-content\/uploads\/2024\/07\/featured-image-1-1024x536.png 1024w\" sizes=\"auto, (max-width: 1200px) 100vw, 1200px\" \/><div class=\"w-post-slider-trigger\" style=\"width:50%; left:50%;\"><\/div><img loading=\"lazy\" decoding=\"async\" width=\"1200\" height=\"628\" src=\"https:\/\/hgency.be\/wp-content\/uploads\/2024\/07\/featured-image-1.png\" class=\"attachment-us_600_337_crop size-us_600_337_crop\" alt=\"Cookie consent form\" srcset=\"https:\/\/hgency.be\/wp-content\/uploads\/2024\/07\/featured-image-1.png 1200w, https:\/\/hgency.be\/wp-content\/uploads\/2024\/07\/featured-image-1-300x157.png 300w, https:\/\/hgency.be\/wp-content\/uploads\/2024\/07\/featured-image-1-1024x536.png 1024w\" sizes=\"auto, (max-width: 1200px) 100vw, 1200px\" \/><\/a><\/div><div class=\"w-post-elm post_content usg_post_content_1\">\u00c0 la surprise de personne : la confidentialit\u00e9 est une affaire s\u00e9rieuse de nos jours. Avec des lois comme le RGPD et le CCPA, ainsi que le nouveau mode de\u2026<\/div>\t\t<\/div>\r\n\t\t\t<\/article>\r\n<\/div>\t<div class=\"w-grid-preloader\">\r\n\t\t<div class=\"g-preloader type_1\">\r\n\t\t\t<div><\/div>\r\n\t\t<\/div>\r\n\t<\/div>\r\n\t\t<div class=\"w-grid-json hidden\" onclick='return {&quot;action&quot;:&quot;us_ajax_grid&quot;,&quot;infinite_scroll&quot;:0,&quot;max_num_pages&quot;:1,&quot;pagination&quot;:&quot;infinite&quot;,&quot;template_vars&quot;:{&quot;columns&quot;:&quot;2&quot;,&quot;exclude_items&quot;:&quot;none&quot;,&quot;img_size&quot;:&quot;us_600_337_crop&quot;,&quot;ignore_items_size&quot;:0,&quot;items_layout&quot;:&quot;blog_11&quot;,&quot;items_offset&quot;:&quot;1&quot;,&quot;load_animation&quot;:&quot;none&quot;,&quot;overriding_link&quot;:&quot;{\\&quot;url\\&quot;:\\&quot;\\&quot;}&quot;,&quot;post_id&quot;:0,&quot;query_args&quot;:{&quot;post_type&quot;:[&quot;post&quot;],&quot;post_status&quot;:[&quot;publish&quot;],&quot;posts_per_page&quot;:&quot;8&quot;},&quot;orderby_query_args&quot;:{&quot;orderby&quot;:{&quot;date&quot;:&quot;DESC&quot;}},&quot;type&quot;:&quot;masonry&quot;,&quot;us_grid_post_type&quot;:&quot;post&quot;,&quot;us_grid_ajax_index&quot;:1,&quot;us_grid_filter_query_string&quot;:null,&quot;us_grid_index&quot;:1,&quot;page_args&quot;:[]}}'><\/div>\r\n\t<\/div><\/div><\/div><\/div><\/div><\/section>\n","protected":false},"excerpt":{"rendered":"\u00c0 la surprise de personne : la confidentialit\u00e9 est une affaire s\u00e9rieuse de nos jours. Avec des lois comme le RGPD et le CCPA, ainsi que le nouveau mode de consentement de Google, avoir une banni\u00e8re de consentement aux cookies sur votre site web n'est pas seulement une bonne id\u00e9e - c'est une n\u00e9cessit\u00e9. Cette...","protected":false},"author":1,"featured_media":0,"parent":0,"menu_order":0,"comment_status":"closed","ping_status":"closed","template":"","meta":{"footnotes":""},"class_list":["post-4740","page","type-page","status-publish","hentry"],"yoast_head":"<!-- This site is optimized with the Yoast SEO plugin v27.4 - https:\/\/yoast.com\/product\/yoast-seo-wordpress\/ -->\n<title>Blog - HGENCY<\/title>\n<meta name=\"robots\" content=\"index, follow, max-snippet:-1, max-image-preview:large, max-video-preview:-1\" \/>\n<link rel=\"canonical\" href=\"https:\/\/hgency.be\/fr\/blog\/\" \/>\n<meta property=\"og:locale\" content=\"fr_FR\" \/>\n<meta property=\"og:type\" content=\"article\" \/>\n<meta property=\"og:title\" content=\"Blog - HGENCY\" \/>\n<meta property=\"og:url\" content=\"https:\/\/hgency.be\/fr\/blog\/\" \/>\n<meta property=\"og:site_name\" content=\"HGENCY\" \/>\n<meta property=\"article:modified_time\" content=\"2024-08-29T13:42:34+00:00\" \/>\n<meta property=\"og:image\" content=\"https:\/\/hgency.be\/wp-content\/uploads\/2023\/11\/featured-home.png\" \/>\n\t<meta property=\"og:image:width\" content=\"1200\" \/>\n\t<meta property=\"og:image:height\" content=\"628\" \/>\n\t<meta property=\"og:image:type\" content=\"image\/png\" \/>\n<meta name=\"twitter:card\" content=\"summary_large_image\" \/>\n<meta name=\"twitter:label1\" content=\"Dur\u00e9e de lecture estim\u00e9e\" \/>\n\t<meta name=\"twitter:data1\" content=\"1 minute\" \/>\n<!-- \/ Yoast SEO plugin. -->","yoast_head_json":{"title":"Blog - HGENCY","robots":{"index":"index","follow":"follow","max-snippet":"max-snippet:-1","max-image-preview":"max-image-preview:large","max-video-preview":"max-video-preview:-1"},"canonical":"https:\/\/hgency.be\/fr\/blog\/","og_locale":"fr_FR","og_type":"article","og_title":"Blog - HGENCY","og_url":"https:\/\/hgency.be\/fr\/blog\/","og_site_name":"HGENCY","article_modified_time":"2024-08-29T13:42:34+00:00","og_image":[{"width":1200,"height":628,"url":"https:\/\/hgency.be\/wp-content\/uploads\/2023\/11\/featured-home.png","type":"image\/png"}],"twitter_card":"summary_large_image","twitter_misc":{"Dur\u00e9e de lecture estim\u00e9e":"1 minute"},"schema":{"@context":"https:\/\/schema.org","@graph":[{"@type":"WebPage","@id":"https:\/\/hgency.be\/fr\/blog\/","url":"https:\/\/hgency.be\/fr\/blog\/","name":"Blog - HGENCY","isPartOf":{"@id":"http:\/\/hgency.be\/fr\/#website"},"datePublished":"2024-07-09T14:30:18+00:00","dateModified":"2024-08-29T13:42:34+00:00","breadcrumb":{"@id":"https:\/\/hgency.be\/fr\/blog\/#breadcrumb"},"inLanguage":"fr-FR","potentialAction":[{"@type":"ReadAction","target":["https:\/\/hgency.be\/fr\/blog\/"]}]},{"@type":"BreadcrumbList","@id":"https:\/\/hgency.be\/fr\/blog\/#breadcrumb","itemListElement":[{"@type":"ListItem","position":1,"name":"Accueil","item":"http:\/\/hgency.be\/fr\/"},{"@type":"ListItem","position":2,"name":"Blog"}]},{"@type":"WebSite","@id":"http:\/\/hgency.be\/fr\/#website","url":"http:\/\/hgency.be\/fr\/","name":"Hgency","description":"Performance based marketing","publisher":{"@id":"http:\/\/hgency.be\/fr\/#organization"},"alternateName":"Hugues Ligot","potentialAction":[{"@type":"SearchAction","target":{"@type":"EntryPoint","urlTemplate":"http:\/\/hgency.be\/fr\/?s={search_term_string}"},"query-input":{"@type":"PropertyValueSpecification","valueRequired":true,"valueName":"search_term_string"}}],"inLanguage":"fr-FR"},{"@type":"Organization","@id":"http:\/\/hgency.be\/fr\/#organization","name":"Hgency","alternateName":"Hugues Ligot","url":"http:\/\/hgency.be\/fr\/","logo":{"@type":"ImageObject","inLanguage":"fr-FR","@id":"http:\/\/hgency.be\/fr\/#\/schema\/logo\/image\/","url":"https:\/\/hgency.be\/wp-content\/uploads\/2023\/10\/favicon.png","contentUrl":"https:\/\/hgency.be\/wp-content\/uploads\/2023\/10\/favicon.png","width":512,"height":512,"caption":"Hgency"},"image":{"@id":"http:\/\/hgency.be\/fr\/#\/schema\/logo\/image\/"}}]}},"_links":{"self":[{"href":"https:\/\/hgency.be\/fr\/wp-json\/wp\/v2\/pages\/4740","targetHints":{"allow":["GET"]}}],"collection":[{"href":"https:\/\/hgency.be\/fr\/wp-json\/wp\/v2\/pages"}],"about":[{"href":"https:\/\/hgency.be\/fr\/wp-json\/wp\/v2\/types\/page"}],"author":[{"embeddable":true,"href":"https:\/\/hgency.be\/fr\/wp-json\/wp\/v2\/users\/1"}],"replies":[{"embeddable":true,"href":"https:\/\/hgency.be\/fr\/wp-json\/wp\/v2\/comments?post=4740"}],"version-history":[{"count":3,"href":"https:\/\/hgency.be\/fr\/wp-json\/wp\/v2\/pages\/4740\/revisions"}],"predecessor-version":[{"id":4815,"href":"https:\/\/hgency.be\/fr\/wp-json\/wp\/v2\/pages\/4740\/revisions\/4815"}],"wp:attachment":[{"href":"https:\/\/hgency.be\/fr\/wp-json\/wp\/v2\/media?parent=4740"}],"curies":[{"name":"wp","href":"https:\/\/api.w.org\/{rel}","templated":true}]}}