{"id":4559,"date":"2024-06-05T19:16:45","date_gmt":"2024-06-05T17:16:45","guid":{"rendered":"https:\/\/hgency.be\/?page_id=4559"},"modified":"2024-07-12T15:06:45","modified_gmt":"2024-07-12T13:06:45","slug":"cases","status":"publish","type":"page","link":"https:\/\/hgency.be\/fr\/cases\/","title":{"rendered":"Cases"},"content":{"rendered":"<section class=\"l-section wpb_row height_medium\"><div class=\"l-section-h i-cf\"><div class=\"g-cols vc_row via_grid cols_1 laptops-cols_inherit tablets-cols_inherit mobiles-cols_1 valign_top type_default stacking_default\"><div class=\"wpb_column vc_column_container\"><div class=\"vc_column-inner\"><div class=\"wpb_text_column\"><div class=\"wpb_wrapper\"><h1 style=\"text-align: left;\">Cases<\/h1>\n<\/div><\/div><div class=\"w-separator size_medium\"><\/div><div class=\"wpb_text_column\"><div class=\"wpb_wrapper\"><p>D\u00e9couvrez l&#8217;impact des campagnes en mises en place pour mes clients<\/p>\n<\/div><\/div><div class=\"w-separator size_large\"><\/div><div class=\"w-grid us_grid type_grid layout_portfolio_12 cols_3 preload_style_spinner with_css_animation ratio_1x1\" id=\"us_grid_1\" style=\"--columns:3;--gap:4px;--item-ratio:1;\" data-filterable=\"true\"><style>@media (max-width:1024px){#us_grid_1{--columns:2!important}}@media (max-width:600px){#us_grid_1{--columns:1!important}}.layout_portfolio_12 .w-grid-item-h{}.layout_portfolio_12 .usg_post_image_1{transition-duration:0.25s;transform-origin:50% 50%;transform:scale(1) translate(0%,0%)}.layout_portfolio_12 .w-grid-item-h:focus-within .usg_post_image_1,.layout_portfolio_12 .w-grid-item-h:hover .usg_post_image_1{transform:scale(1) translate(0%,0%);opacity:0.1}.layout_portfolio_12 .usg_post_title_1{transition-duration:0.25s;transform-origin:50% 50%;transform:scale(1) translate(0%,-50%);opacity:0}.layout_portfolio_12 .w-grid-item-h:focus-within .usg_post_title_1,.layout_portfolio_12 .w-grid-item-h:hover .usg_post_title_1{transform:scale(1) translate(0%,0%);opacity:1}.layout_portfolio_12 .usg_post_taxonomy_1{transition-duration:0.25s;transform-origin:50% 50%;transform:scale(1) translate(0%,75%);opacity:0}.layout_portfolio_12 .w-grid-item-h:focus-within .usg_post_taxonomy_1,.layout_portfolio_12 .w-grid-item-h:hover .usg_post_taxonomy_1{transform:scale(1) translate(0%,0%);opacity:0.75}.layout_portfolio_12 .usg_post_image_1{position:absolute!important;top:0!important;right:0!important;bottom:0!important;left:0!important}.layout_portfolio_12 .usg_vwrapper_1{position:absolute!important;top:0!important;right:0!important;bottom:0!important;left:0!important;padding:4rem!important}.layout_portfolio_12 .usg_post_title_1{color:inherit!important;font-size:1.4rem!important}<\/style><div class=\"w-grid-list\">\t<article class=\"w-grid-item us_animate_fade size_1x1 post-5570 us_portfolio type-us_portfolio status-publish has-post-thumbnail hentry\" data-id=\"5570\" style=\"animation-delay:0s\">\r\n\t\t<div class=\"w-grid-item-h\">\r\n\t\t\t\t\t\t\t<a href=\"https:\/\/hgency.be\/fr\/cases\/batit-protect\/\" class=\"w-grid-item-anchor\" aria-label=\"Comment BATIT PROTECT a augment\u00e9 ses demandes de devis gr\u00e2ce aux Facebook Ads\"><\/a>\r\n\t\t\t\t\t\t<div class=\"w-post-elm post_image usg_post_image_1 stretched\"><img loading=\"lazy\" decoding=\"async\" width=\"1024\" height=\"536\" src=\"https:\/\/hgency.be\/wp-content\/uploads\/2026\/01\/featured-image-FR-1024x536.jpg\" class=\"attachment-large size-large wp-post-image\" alt=\"Lancement de Facebook Ads pour BATIT Protect\" srcset=\"https:\/\/hgency.be\/wp-content\/uploads\/2026\/01\/featured-image-FR-1024x536.jpg 1024w, https:\/\/hgency.be\/wp-content\/uploads\/2026\/01\/featured-image-FR-300x157.jpg 300w, https:\/\/hgency.be\/wp-content\/uploads\/2026\/01\/featured-image-FR.jpg 1200w\" sizes=\"auto, (max-width: 1024px) 100vw, 1024px\" \/><\/div><div class=\"w-vwrapper usg_vwrapper_1 grid_style_12 align_center valign_middle\"><h2 class=\"w-post-elm post_title usg_post_title_1 has_text_color entry-title color_link_inherit\">Comment BATIT PROTECT a augment\u00e9 ses demandes de devis gr\u00e2ce aux Facebook Ads<\/h2><\/div>\t\t<\/div>\r\n\t\t\t<\/article>\r\n\t<article class=\"w-grid-item us_animate_fade size_1x1 post-5001 us_portfolio type-us_portfolio status-publish has-post-thumbnail hentry\" data-id=\"5001\" style=\"animation-delay:0.1s\">\r\n\t\t<div class=\"w-grid-item-h\">\r\n\t\t\t\t\t\t\t<a href=\"https:\/\/hgency.be\/fr\/cases\/desir-et-moi\/\" class=\"w-grid-item-anchor\" aria-label=\"D\u00e9sir et Moi\"><\/a>\r\n\t\t\t\t\t\t<div class=\"w-post-elm post_image usg_post_image_1 stretched\"><img loading=\"lazy\" decoding=\"async\" width=\"1024\" height=\"536\" src=\"https:\/\/hgency.be\/wp-content\/uploads\/2025\/01\/featured-image-petit-texte-fr-1-1024x536.jpg\" class=\"attachment-large size-large wp-post-image\" alt=\"\" srcset=\"https:\/\/hgency.be\/wp-content\/uploads\/2025\/01\/featured-image-petit-texte-fr-1-1024x536.jpg 1024w, https:\/\/hgency.be\/wp-content\/uploads\/2025\/01\/featured-image-petit-texte-fr-1-300x157.jpg 300w, https:\/\/hgency.be\/wp-content\/uploads\/2025\/01\/featured-image-petit-texte-fr-1.jpg 1200w\" sizes=\"auto, (max-width: 1024px) 100vw, 1024px\" \/><\/div><div class=\"w-vwrapper usg_vwrapper_1 grid_style_12 align_center valign_middle\"><h2 class=\"w-post-elm post_title usg_post_title_1 has_text_color entry-title color_link_inherit\">D\u00e9sir et Moi<\/h2><\/div>\t\t<\/div>\r\n\t\t\t<\/article>\r\n\t<article class=\"w-grid-item us_animate_fade size_1x1 post-4961 us_portfolio type-us_portfolio status-publish has-post-thumbnail hentry\" data-id=\"4961\" style=\"animation-delay:0.2s\">\r\n\t\t<div class=\"w-grid-item-h\">\r\n\t\t\t\t\t\t\t<a href=\"https:\/\/hgency.be\/fr\/cases\/gxp-training\/\" class=\"w-grid-item-anchor\" aria-label=\"Case GxP Training\"><\/a>\r\n\t\t\t\t\t\t<div class=\"w-post-elm post_image usg_post_image_1 stretched\"><img loading=\"lazy\" decoding=\"async\" width=\"1024\" height=\"768\" src=\"https:\/\/hgency.be\/wp-content\/uploads\/2024\/11\/featured-image-1024x768.png\" class=\"attachment-large size-large wp-post-image\" alt=\"case GxP training par HGENCY\" srcset=\"https:\/\/hgency.be\/wp-content\/uploads\/2024\/11\/featured-image-1024x768.png 1024w, https:\/\/hgency.be\/wp-content\/uploads\/2024\/11\/featured-image-300x225.png 300w, https:\/\/hgency.be\/wp-content\/uploads\/2024\/11\/featured-image.png 1200w\" sizes=\"auto, (max-width: 1024px) 100vw, 1024px\" \/><\/div><div class=\"w-vwrapper usg_vwrapper_1 grid_style_12 align_center valign_middle\"><h2 class=\"w-post-elm post_title usg_post_title_1 has_text_color entry-title color_link_inherit\">Case GxP Training<\/h2><\/div>\t\t<\/div>\r\n\t\t\t<\/article>\r\n\t<article class=\"w-grid-item us_animate_fade size_1x1 post-4589 us_portfolio type-us_portfolio status-publish has-post-thumbnail hentry\" data-id=\"4589\" style=\"animation-delay:0.3s\">\r\n\t\t<div class=\"w-grid-item-h\">\r\n\t\t\t\t\t\t\t<a href=\"https:\/\/hgency.be\/fr\/cases\/tasty-la-cantina\/\" class=\"w-grid-item-anchor\" aria-label=\"Support des visites en restaurant avec des campagnes Google Ads\"><\/a>\r\n\t\t\t\t\t\t<div class=\"w-post-elm post_image usg_post_image_1 stretched\"><img loading=\"lazy\" decoding=\"async\" width=\"1024\" height=\"536\" src=\"https:\/\/hgency.be\/wp-content\/uploads\/2024\/06\/featured-image-FR-2-1024x536.jpg\" class=\"attachment-large size-large wp-post-image\" alt=\"Cas client pour les restaurants La Cantina et le Tasty\" srcset=\"https:\/\/hgency.be\/wp-content\/uploads\/2024\/06\/featured-image-FR-2-1024x536.jpg 1024w, https:\/\/hgency.be\/wp-content\/uploads\/2024\/06\/featured-image-FR-2-300x157.jpg 300w, https:\/\/hgency.be\/wp-content\/uploads\/2024\/06\/featured-image-FR-2.jpg 1200w\" sizes=\"auto, (max-width: 1024px) 100vw, 1024px\" \/><\/div><div class=\"w-vwrapper usg_vwrapper_1 grid_style_12 align_center valign_middle\"><h2 class=\"w-post-elm post_title usg_post_title_1 has_text_color entry-title color_link_inherit\">Support des visites en restaurant avec des campagnes Google Ads<\/h2><\/div>\t\t<\/div>\r\n\t\t\t<\/article>\r\n\t<article class=\"w-grid-item us_animate_fade size_1x1 post-4562 us_portfolio type-us_portfolio status-publish has-post-thumbnail hentry\" data-id=\"4562\" style=\"animation-delay:0.4s\">\r\n\t\t<div class=\"w-grid-item-h\">\r\n\t\t\t\t\t\t\t<a href=\"https:\/\/hgency.be\/fr\/cases\/co-homing\/\" class=\"w-grid-item-anchor\" aria-label=\"Case Co-Homing\"><\/a>\r\n\t\t\t\t\t\t<div class=\"w-post-elm post_image usg_post_image_1 stretched\"><img loading=\"lazy\" decoding=\"async\" width=\"1024\" height=\"536\" src=\"https:\/\/hgency.be\/wp-content\/uploads\/2024\/06\/featured-image-FR-1024x536.png\" class=\"attachment-large size-large wp-post-image\" alt=\"Co-Homing marketing case\" srcset=\"https:\/\/hgency.be\/wp-content\/uploads\/2024\/06\/featured-image-FR-1024x536.png 1024w, https:\/\/hgency.be\/wp-content\/uploads\/2024\/06\/featured-image-FR-300x157.png 300w, https:\/\/hgency.be\/wp-content\/uploads\/2024\/06\/featured-image-FR.png 1200w\" sizes=\"auto, (max-width: 1024px) 100vw, 1024px\" \/><\/div><div class=\"w-vwrapper usg_vwrapper_1 grid_style_12 align_center valign_middle\"><h2 class=\"w-post-elm post_title usg_post_title_1 has_text_color entry-title color_link_inherit\">Case Co-Homing<\/h2><\/div>\t\t<\/div>\r\n\t\t\t<\/article>\r\n<\/div>\t<div class=\"w-grid-preloader\">\r\n\t\t<div class=\"g-preloader type_1\">\r\n\t\t\t<div><\/div>\r\n\t\t<\/div>\r\n\t<\/div>\r\n\t\t<div class=\"w-grid-json hidden\" onclick='return {&quot;action&quot;:&quot;us_ajax_grid&quot;,&quot;infinite_scroll&quot;:0,&quot;max_num_pages&quot;:1,&quot;pagination&quot;:&quot;none&quot;,&quot;template_vars&quot;:{&quot;columns&quot;:&quot;3&quot;,&quot;exclude_items&quot;:&quot;none&quot;,&quot;img_size&quot;:&quot;default&quot;,&quot;ignore_items_size&quot;:0,&quot;items_layout&quot;:&quot;portfolio_12&quot;,&quot;items_offset&quot;:&quot;1&quot;,&quot;load_animation&quot;:&quot;fade&quot;,&quot;overriding_link&quot;:&quot;%7B%22type%22%3A%22post%22%7D&quot;,&quot;post_id&quot;:0,&quot;query_args&quot;:{&quot;post_type&quot;:[&quot;us_portfolio&quot;],&quot;post_status&quot;:[&quot;publish&quot;],&quot;posts_per_page&quot;:999},&quot;orderby_query_args&quot;:{&quot;orderby&quot;:{&quot;date&quot;:&quot;DESC&quot;}},&quot;type&quot;:&quot;grid&quot;,&quot;us_grid_post_type&quot;:&quot;us_portfolio&quot;,&quot;us_grid_ajax_index&quot;:1,&quot;us_grid_filter_query_string&quot;:null,&quot;us_grid_index&quot;:1,&quot;page_args&quot;:[]}}'><\/div>\r\n\t<\/div><\/div><\/div><\/div><\/div><\/section><section class=\"l-section wpb_row height_auto width_full\"><div class=\"l-section-h i-cf\"><div class=\"g-cols vc_row via_grid cols_1 laptops-cols_inherit tablets-cols_inherit mobiles-cols_1 valign_top type_default stacking_default\"><div class=\"wpb_column vc_column_container\"><div class=\"vc_column-inner\"><section class=\"l-section wpb_row height_medium\"><div class=\"l-section-h i-cf\"><div class=\"g-cols vc_row via_grid cols_1 laptops-cols_inherit tablets-cols_inherit mobiles-cols_1 valign_top type_default stacking_default\"><div class=\"wpb_column vc_column_container us_custom_60e9caca us_animate_this\"><div class=\"vc_column-inner\"><div class=\"wpb_text_column\"><div class=\"wpb_wrapper\"><h2>Et si on parlait marketing ?<\/h2>\n<\/div><\/div><\/div><\/div><\/div><\/div><\/section><section class=\"l-section wpb_row height_medium color_alternate\"><div class=\"l-section-h i-cf\"><div class=\"g-cols vc_row via_grid cols_1-3 laptops-cols_inherit tablets-cols_inherit mobiles-cols_1 valign_top type_default stacking_default\"><div class=\"wpb_column vc_column_container\"><div class=\"vc_column-inner\"><div class=\"w-popup w-btn-wrapper align_none\"><button type=\"button\" aria-label=\"Contact\" class=\"w-popup-trigger type_btn w-btn us-btn-style_1\"><span class=\"w-btn-label\">Contact<\/span><\/button><div class=\"w-popup-overlay\" style=\"background:rgba(0,0,0,0.85);\"><\/div><div class=\"w-popup-wrap layout_default\" role=\"dialog\" aria-modal=\"true\" aria-label=\"Contact\" style=\"--title-color:var(--color-content-heading);--title-bg-color:var(--color-content-bg-alt);--content-color:var(--color-content-text);--content-bg-color:var(--color-content-bg);--popup-width:600px;--popup-padding:5%;\"><button aria-label=\"Fermer\" class=\"w-popup-closer\" type=\"button\"><\/button><div class=\"w-popup-box animation_fadeIn closerpos_outside with_title\"><div class=\"w-popup-box-h\"><div class=\"w-popup-box-title\">Parlons marketing<\/div><div class=\"w-popup-box-content\"><div class=\"wpcf7 no-js\" id=\"wpcf7-f4348-o1\" lang=\"fr-FR\" dir=\"ltr\" data-wpcf7-id=\"4348\">\n<div class=\"screen-reader-response\"><p role=\"status\" aria-live=\"polite\" aria-atomic=\"true\"><\/p> <ul><\/ul><\/div>\n<form action=\"\/fr\/wp-json\/wp\/v2\/pages\/4559#wpcf7-f4348-o1\" method=\"post\" class=\"wpcf7-form init\" aria-label=\"Formulaire de contact\" novalidate=\"novalidate\" data-status=\"init\">\n<fieldset class=\"hidden-fields-container\"><input type=\"hidden\" name=\"_wpcf7\" value=\"4348\" \/><input type=\"hidden\" name=\"_wpcf7_version\" value=\"6.1.5\" \/><input type=\"hidden\" name=\"_wpcf7_locale\" value=\"fr_FR\" \/><input type=\"hidden\" name=\"_wpcf7_unit_tag\" value=\"wpcf7-f4348-o1\" \/><input type=\"hidden\" name=\"_wpcf7_container_post\" value=\"0\" \/><input type=\"hidden\" name=\"_wpcf7_posted_data_hash\" value=\"\" \/>\n<\/fieldset>\n<p><label> Nom<br \/>\n<span class=\"wpcf7-form-control-wrap\" data-name=\"your-name\"><input size=\"40\" maxlength=\"400\" class=\"wpcf7-form-control wpcf7-text wpcf7-validates-as-required\" autocomplete=\"name\" aria-required=\"true\" aria-invalid=\"false\" value=\"\" type=\"text\" name=\"your-name\" \/><\/span> <\/label>\n<\/p>\n<p><label> email<br \/>\n<span class=\"wpcf7-form-control-wrap\" data-name=\"your-email\"><input size=\"40\" maxlength=\"400\" class=\"wpcf7-form-control wpcf7-email wpcf7-validates-as-required wpcf7-text wpcf7-validates-as-email\" autocomplete=\"email\" aria-required=\"true\" aria-invalid=\"false\" value=\"\" type=\"email\" name=\"your-email\" \/><\/span> <\/label>\n<\/p>\n<p><label> Message<br \/>\n<span class=\"wpcf7-form-control-wrap\" data-name=\"your-message\"><textarea cols=\"40\" rows=\"10\" maxlength=\"2000\" class=\"wpcf7-form-control wpcf7-textarea\" aria-invalid=\"false\" name=\"your-message\"><\/textarea><\/span> <\/label>\n<\/p>\n<p><input class=\"wpcf7-form-control wpcf7-submit has-spinner\" type=\"submit\" value=\"Envoyer\" \/>\n<\/p><div class=\"wpcf7-response-output\" aria-hidden=\"true\"><\/div>\n<\/form>\n<\/div>\n<\/div><\/div><\/div><\/div><\/div><\/div><\/div><div class=\"wpb_column vc_column_container\"><div class=\"vc_column-inner\"><div class=\"wpb_text_column us_custom_8323c574 us_animate_this\"><div class=\"wpb_wrapper\"><p>Contactez-moi pour discuter de la performance et des opportunit\u00e9s d\u2019optimisation de votre strat\u00e9gie marketing. Ou tout simplement pour aller boire un caf\u00e9. J\u2019aime aussi beaucoup le caf\u00e9.<\/p>\n<\/div><\/div><\/div><\/div><\/div><\/div><\/section>\n<\/div><\/div><\/div><\/div><\/section>\n","protected":false},"excerpt":{"rendered":"Le plan d&#8217;action derri\u00e8re l&#8217;augmentation de la demande pour les chambres de Co-Homing R\u00e9servations0Croissance0%Objectifs Co-Homing, une entreprise belge proposant des chambres \u00e0 louer dans des maisons partag\u00e9es \u00e0 Bruxelles, a \u00e9t\u00e9 lanc\u00e9e en 2019 avec pour objectif de devenir un acteur majeur du coliving dans la capitale. En 2021, ils m&#8217;ont sollicit\u00e9 pour les aider...","protected":false},"author":1,"featured_media":4553,"parent":0,"menu_order":0,"comment_status":"closed","ping_status":"closed","template":"","meta":{"footnotes":""},"class_list":["post-4559","page","type-page","status-publish","has-post-thumbnail","hentry"],"yoast_head":"<!-- This site is optimized with the Yoast SEO plugin v27.4 - https:\/\/yoast.com\/product\/yoast-seo-wordpress\/ -->\n<title>Cases - HGENCY<\/title>\n<meta name=\"robots\" content=\"index, follow, max-snippet:-1, max-image-preview:large, max-video-preview:-1\" \/>\n<link rel=\"canonical\" href=\"https:\/\/hgency.be\/fr\/cases\/\" \/>\n<meta property=\"og:locale\" content=\"fr_FR\" \/>\n<meta property=\"og:type\" content=\"article\" \/>\n<meta property=\"og:title\" content=\"Cases - HGENCY\" \/>\n<meta property=\"og:url\" content=\"https:\/\/hgency.be\/fr\/cases\/\" \/>\n<meta property=\"og:site_name\" content=\"HGENCY\" \/>\n<meta property=\"article:modified_time\" content=\"2024-07-12T13:06:45+00:00\" \/>\n<meta property=\"og:image\" content=\"https:\/\/hgency.be\/wp-content\/uploads\/2024\/06\/featured-image.png\" \/>\n\t<meta property=\"og:image:width\" content=\"1200\" \/>\n\t<meta property=\"og:image:height\" content=\"628\" \/>\n\t<meta property=\"og:image:type\" content=\"image\/png\" \/>\n<meta name=\"twitter:card\" content=\"summary_large_image\" \/>\n<meta name=\"twitter:label1\" content=\"Dur\u00e9e de lecture estim\u00e9e\" \/>\n\t<meta name=\"twitter:data1\" content=\"1 minute\" \/>\n<!-- \/ Yoast SEO plugin. -->","yoast_head_json":{"title":"Cases - HGENCY","robots":{"index":"index","follow":"follow","max-snippet":"max-snippet:-1","max-image-preview":"max-image-preview:large","max-video-preview":"max-video-preview:-1"},"canonical":"https:\/\/hgency.be\/fr\/cases\/","og_locale":"fr_FR","og_type":"article","og_title":"Cases - HGENCY","og_url":"https:\/\/hgency.be\/fr\/cases\/","og_site_name":"HGENCY","article_modified_time":"2024-07-12T13:06:45+00:00","og_image":[{"width":1200,"height":628,"url":"https:\/\/hgency.be\/wp-content\/uploads\/2024\/06\/featured-image.png","type":"image\/png"}],"twitter_card":"summary_large_image","twitter_misc":{"Dur\u00e9e de lecture estim\u00e9e":"1 minute"},"schema":{"@context":"https:\/\/schema.org","@graph":[{"@type":"WebPage","@id":"https:\/\/hgency.be\/fr\/cases\/","url":"https:\/\/hgency.be\/fr\/cases\/","name":"Cases - HGENCY","isPartOf":{"@id":"http:\/\/hgency.be\/fr\/#website"},"primaryImageOfPage":{"@id":"https:\/\/hgency.be\/fr\/cases\/#primaryimage"},"image":{"@id":"https:\/\/hgency.be\/fr\/cases\/#primaryimage"},"thumbnailUrl":"https:\/\/hgency.be\/wp-content\/uploads\/2024\/06\/featured-image.png","datePublished":"2024-06-05T17:16:45+00:00","dateModified":"2024-07-12T13:06:45+00:00","breadcrumb":{"@id":"https:\/\/hgency.be\/fr\/cases\/#breadcrumb"},"inLanguage":"fr-FR","potentialAction":[{"@type":"ReadAction","target":["https:\/\/hgency.be\/fr\/cases\/"]}]},{"@type":"ImageObject","inLanguage":"fr-FR","@id":"https:\/\/hgency.be\/fr\/cases\/#primaryimage","url":"https:\/\/hgency.be\/wp-content\/uploads\/2024\/06\/featured-image.png","contentUrl":"https:\/\/hgency.be\/wp-content\/uploads\/2024\/06\/featured-image.png","width":1200,"height":628,"caption":"HGENCY case for Co-Homing"},{"@type":"BreadcrumbList","@id":"https:\/\/hgency.be\/fr\/cases\/#breadcrumb","itemListElement":[{"@type":"ListItem","position":1,"name":"Accueil","item":"http:\/\/hgency.be\/fr\/"},{"@type":"ListItem","position":2,"name":"Cases"}]},{"@type":"WebSite","@id":"http:\/\/hgency.be\/fr\/#website","url":"http:\/\/hgency.be\/fr\/","name":"Hgency","description":"Performance based marketing","publisher":{"@id":"http:\/\/hgency.be\/fr\/#organization"},"alternateName":"Hugues Ligot","potentialAction":[{"@type":"SearchAction","target":{"@type":"EntryPoint","urlTemplate":"http:\/\/hgency.be\/fr\/?s={search_term_string}"},"query-input":{"@type":"PropertyValueSpecification","valueRequired":true,"valueName":"search_term_string"}}],"inLanguage":"fr-FR"},{"@type":"Organization","@id":"http:\/\/hgency.be\/fr\/#organization","name":"Hgency","alternateName":"Hugues Ligot","url":"http:\/\/hgency.be\/fr\/","logo":{"@type":"ImageObject","inLanguage":"fr-FR","@id":"http:\/\/hgency.be\/fr\/#\/schema\/logo\/image\/","url":"https:\/\/hgency.be\/wp-content\/uploads\/2023\/10\/favicon.png","contentUrl":"https:\/\/hgency.be\/wp-content\/uploads\/2023\/10\/favicon.png","width":512,"height":512,"caption":"Hgency"},"image":{"@id":"http:\/\/hgency.be\/fr\/#\/schema\/logo\/image\/"}}]}},"_links":{"self":[{"href":"https:\/\/hgency.be\/fr\/wp-json\/wp\/v2\/pages\/4559","targetHints":{"allow":["GET"]}}],"collection":[{"href":"https:\/\/hgency.be\/fr\/wp-json\/wp\/v2\/pages"}],"about":[{"href":"https:\/\/hgency.be\/fr\/wp-json\/wp\/v2\/types\/page"}],"author":[{"embeddable":true,"href":"https:\/\/hgency.be\/fr\/wp-json\/wp\/v2\/users\/1"}],"replies":[{"embeddable":true,"href":"https:\/\/hgency.be\/fr\/wp-json\/wp\/v2\/comments?post=4559"}],"version-history":[{"count":4,"href":"https:\/\/hgency.be\/fr\/wp-json\/wp\/v2\/pages\/4559\/revisions"}],"predecessor-version":[{"id":4746,"href":"https:\/\/hgency.be\/fr\/wp-json\/wp\/v2\/pages\/4559\/revisions\/4746"}],"wp:featuredmedia":[{"embeddable":true,"href":"https:\/\/hgency.be\/fr\/wp-json\/wp\/v2\/media\/4553"}],"wp:attachment":[{"href":"https:\/\/hgency.be\/fr\/wp-json\/wp\/v2\/media?parent=4559"}],"curies":[{"name":"wp","href":"https:\/\/api.w.org\/{rel}","templated":true}]}}