{"id":4281,"date":"2016-08-03T09:57:17","date_gmt":"2016-08-03T07:57:17","guid":{"rendered":"https:\/\/hgency.be\/services\/"},"modified":"2024-07-16T09:45:19","modified_gmt":"2024-07-16T07:45:19","slug":"services","status":"publish","type":"page","link":"https:\/\/hgency.be\/fr\/services\/","title":{"rendered":"Services"},"content":{"rendered":"<section class=\"l-section wpb_row height_medium\"><div class=\"l-section-h i-cf\"><div class=\"g-cols vc_row via_grid cols_2 laptops-cols_inherit tablets-cols_inherit mobiles-cols_1 valign_top type_default stacking_default\"><div class=\"wpb_column vc_column_container us_custom_60e9caca us_animate_this\"><div class=\"vc_column-inner\"><div class=\"wpb_text_column\"><div class=\"wpb_wrapper\"><h1>Services<\/h1>\n<\/div><\/div><div class=\"w-separator size_medium\"><\/div><div class=\"wpb_text_column\"><div class=\"wpb_wrapper\"><p>Comment souhaitez-vous atteindre votre audience\u00a0?<\/p>\n<\/div><\/div><\/div><\/div><div class=\"wpb_column vc_column_container\"><div class=\"vc_column-inner\"><\/div><\/div><\/div><\/div><\/section><section class=\"l-section wpb_row height_medium\"><div class=\"l-section-h i-cf\"><div class=\"g-cols vc_row via_grid cols_3 laptops-cols_inherit tablets-cols_inherit mobiles-cols_1 valign_top type_default stacking_default\"><div class=\"wpb_column vc_column_container\"><div class=\"vc_column-inner\"><div class=\"w-ibanner us_custom_e7c215f2 has_text_color animation_phorcys ratio_3x2 easing_ease\"><a href=\"https:\/\/hgency.be\/fr\/services\/strategie-marketing\/\" aria-label=\"Strat\u00e9gie marketing\"><\/a><div class=\"w-ibanner-h\"><div class=\"w-ibanner-image\" style=\"background-image: url(https:\/\/hgency.be\/wp-content\/uploads\/2023\/09\/service-strategie.png)\"><\/div><div class=\"w-ibanner-content\"><div class=\"w-ibanner-content-h\"><h2 class=\"w-ibanner-title\" style=\"font-size:max( 2rem, 2vw );\">Strat\u00e9gie marketing<\/h2><div class=\"w-ibanner-desc\"><p>La feuille de route qui am\u00e8ne de la coh\u00e9rence dans vos actions marketing<\/p>\n<\/div><\/div><\/div><\/div><\/div><\/div><\/div><div class=\"wpb_column vc_column_container\"><div class=\"vc_column-inner\"><div class=\"w-ibanner us_custom_3770d236 has_text_color animation_phorcys ratio_3x2 easing_ease\"><a href=\"https:\/\/hgency.be\/fr\/services\/referencement-payant\/\" aria-label=\"R\u00e9f\u00e9rencement payant (SEA)\"><\/a><div class=\"w-ibanner-h\"><div class=\"w-ibanner-image\" style=\"background-image: url(https:\/\/hgency.be\/wp-content\/uploads\/2023\/09\/service-search-paid-2-1024x683.png)\"><\/div><div class=\"w-ibanner-content\"><div class=\"w-ibanner-content-h\"><h2 class=\"w-ibanner-title\" style=\"font-size:max( 2rem, 2vw );\">R\u00e9f\u00e9rencement payant (SEA)<\/h2><div class=\"w-ibanner-desc\"><p>Quel meilleur emplacement pour votre annonce que celui o\u00f9 vos clients vous cherchent ?<\/p>\n<\/div><\/div><\/div><\/div><\/div><\/div><\/div><div class=\"wpb_column vc_column_container\"><div class=\"vc_column-inner\"><div class=\"w-ibanner us_custom_e1b7d205 has_text_color animation_phorcys ratio_3x2 easing_ease\"><a href=\"https:\/\/hgency.be\/fr\/services\/referencement-organique\/\" aria-label=\"R\u00e9f\u00e9rencement organique (SEO)\"><\/a><div class=\"w-ibanner-h\"><div class=\"w-ibanner-image\" style=\"background-image: url(https:\/\/hgency.be\/wp-content\/uploads\/2023\/09\/service-search-paid-1024x683.png)\"><\/div><div class=\"w-ibanner-content\"><div class=\"w-ibanner-content-h\"><h2 class=\"w-ibanner-title\" style=\"font-size:max( 2rem, 2vw );\">R\u00e9f\u00e9rencement organique (SEO)<\/h2><div class=\"w-ibanner-desc\"><p>R\u00e9pondez aux requ\u00eates de votre audience avec le contenu ad hoc.<\/p>\n<\/div><\/div><\/div><\/div><\/div><\/div><\/div><\/div><\/div><\/section><section class=\"l-section wpb_row height_medium\"><div class=\"l-section-h i-cf\"><div class=\"g-cols vc_row via_grid cols_3 laptops-cols_inherit tablets-cols_inherit mobiles-cols_1 valign_top type_default stacking_default\"><div class=\"wpb_column vc_column_container\"><div class=\"vc_column-inner\"><div class=\"w-ibanner us_custom_3770d236 has_text_color animation_phorcys ratio_3x2 easing_ease\"><a href=\"https:\/\/hgency.be\/fr\/services\/marketing-medias-sociaux\/\" aria-label=\"Marketing des r\u00e9seaux sociaux\"><\/a><div class=\"w-ibanner-h\"><div class=\"w-ibanner-image\" style=\"background-image: url(https:\/\/hgency.be\/wp-content\/uploads\/2023\/09\/service-social-1024x683.png)\"><\/div><div class=\"w-ibanner-content\"><div class=\"w-ibanner-content-h\"><h2 class=\"w-ibanner-title\" style=\"font-size:max( 2rem, 2vw );\">Marketing des r\u00e9seaux sociaux<\/h2><div class=\"w-ibanner-desc\"><p>Captez l\u2019attention de votre audience avec du contenu engageant sur les r\u00e9seaux sociaux<\/p>\n<\/div><\/div><\/div><\/div><\/div><\/div><\/div><div class=\"wpb_column vc_column_container\"><div class=\"vc_column-inner\"><div class=\"w-ibanner us_custom_e1b7d205 has_text_color animation_phorcys ratio_3x2 easing_ease\"><a href=\"https:\/\/hgency.be\/fr\/services\/web-app-analytics\/\" aria-label=\"Web &#038; app Analytics\"><\/a><div class=\"w-ibanner-h\"><div class=\"w-ibanner-image\" style=\"background-image: url(https:\/\/hgency.be\/wp-content\/uploads\/2023\/09\/service-analytics-1024x683.png)\"><\/div><div class=\"w-ibanner-content\"><div class=\"w-ibanner-content-h\"><h2 class=\"w-ibanner-title\" style=\"font-size:max( 2rem, 2vw );\">Web &#038; app Analytics<\/h2><div class=\"w-ibanner-desc\"><p>Analysez le comportement de vos utilisateurs sur votre site ou application<\/p>\n<\/div><\/div><\/div><\/div><\/div><\/div><\/div><div class=\"wpb_column vc_column_container\"><div class=\"vc_column-inner\"><div class=\"w-ibanner us_custom_e7c215f2 has_text_color animation_phorcys ratio_3x2 easing_ease\"><a href=\"https:\/\/hgency.be\/fr\/services\/customer-relationship-management\/\" aria-label=\"Customer Relationship Management\"><\/a><div class=\"w-ibanner-h\"><div class=\"w-ibanner-image\" style=\"background-image: url(https:\/\/hgency.be\/wp-content\/uploads\/2023\/09\/service-crm-1024x683.png)\"><\/div><div class=\"w-ibanner-content\"><div class=\"w-ibanner-content-h\"><h2 class=\"w-ibanner-title\" style=\"font-size:max( 2rem, 2vw );\">Customer Relationship Management<\/h2><div class=\"w-ibanner-desc\"><p>Augmentez la valeur de vos clients<\/p>\n<\/div><\/div><\/div><\/div><\/div><\/div><\/div><\/div><\/div><\/section><section class=\"l-section wpb_row height_auto\"><div class=\"l-section-h i-cf\"><div class=\"g-cols vc_row via_grid cols_1 laptops-cols_inherit tablets-cols_inherit mobiles-cols_1 valign_top type_default stacking_default\"><div class=\"wpb_column vc_column_container\"><div class=\"vc_column-inner\"><section class=\"l-section wpb_row height_medium\"><div class=\"l-section-h i-cf\"><div class=\"g-cols vc_row via_grid cols_3-1 laptops-cols_inherit tablets-cols_inherit mobiles-cols_1 valign_top type_default stacking_default\"><div class=\"wpb_column vc_column_container us_custom_60e9caca us_animate_this\"><div class=\"vc_column-inner\"><div class=\"wpb_text_column\"><div class=\"wpb_wrapper\"><h2>Comment je travaille<\/h2>\n<\/div><\/div><div class=\"w-separator size_medium\"><\/div><div class=\"w-tabs style_default switch_click accordion remove_indents\" style=\"--sections-title-size:1.6rem\"><div class=\"w-tabs-sections titles-align_none icon_plus cpos_right\"><div class=\"w-tabs-section\" id=\"1568020862825-8b1bfcfe-9839\"><button class=\"w-tabs-section-header\" aria-controls=\"content-1568020862825-8b1bfcfe-9839\" aria-expanded=\"false\"><h3 class=\"w-tabs-section-title\">D\u00e9finition des objectifs et KPIs<\/h3><div class=\"w-tabs-section-control\"><\/div><\/button><div  class=\"w-tabs-section-content\" id=\"content-1568020862825-8b1bfcfe-9839\"><div class=\"w-tabs-section-content-h i-cf\"><div class=\"wpb_text_column\"><div class=\"wpb_wrapper\"><p>Les projets d\u00e9butent par une discussion pour identifier les objectifs et les indicateurs de performance (KPIs). Les objectifs donnent la direction vers laquelle toutes les actions doivent pointer. Les KPIs permettent quant \u00e0 eux de mesurer l&#8217;efficacit\u00e9 et la performance des actions mises en place.<\/p>\n<p>Cette discussion doit permettre de r\u00e9pondre \u00e0 deux questions :<\/p>\n<ul>\n<li>Pourquoi met-on en place des actions marketing ?<\/li>\n<li>Comment va-t-on mesurer le succ\u00e8s des diff\u00e9rentes actions ?<\/li>\n<\/ul>\n<\/div><\/div><\/div><\/div><\/div><div class=\"w-tabs-section\" id=\"h09d\"><button class=\"w-tabs-section-header\" aria-controls=\"content-h09d\" aria-expanded=\"false\"><h3 class=\"w-tabs-section-title\">Audit &#038; roadmap<\/h3><div class=\"w-tabs-section-control\"><\/div><\/button><div  class=\"w-tabs-section-content\" id=\"content-h09d\"><div class=\"w-tabs-section-content-h i-cf\"><div class=\"wpb_text_column\"><div class=\"wpb_wrapper\"><p>Durant l\u2019audit, j\u2019analyse la performance et l\u2019efficacit\u00e9 des actions en cours par rapport aux KPIs d\u00e9finis lors de la premi\u00e8re \u00e9tape. Combien de temps, d\u2019efforts et de budgets sont investis dans chacune\u00a0? Quel est l\u2019impact et le r\u00e9sultat mesur\u00e9\u00a0?<\/p>\n<p>Sur base des questions \u00e0 ces questions, une liste d\u2019actions pour atteindre les objectifs est d\u00e9finie. Toutes les actions sont prioris\u00e9es dans une roadmap.<\/p>\n<p>Il n\u2019existe pas d\u2019approche universelle en marketing. Tous les plans r\u00e9alis\u00e9s sont d\u00e9velopp\u00e9s sp\u00e9cifiquement pour atteindre vos objectifs et engager votre public cible.\u00a0<\/p>\n<\/div><\/div><\/div><\/div><\/div><div class=\"w-tabs-section\" id=\"1568020870759-9534faab-dbc2\"><button class=\"w-tabs-section-header\" aria-controls=\"content-1568020870759-9534faab-dbc2\" aria-expanded=\"false\"><h3 class=\"w-tabs-section-title\">En avant la musique<\/h3><div class=\"w-tabs-section-control\"><\/div><\/button><div  class=\"w-tabs-section-content\" id=\"content-1568020870759-9534faab-dbc2\"><div class=\"w-tabs-section-content-h i-cf\"><div class=\"wpb_text_column\"><div class=\"wpb_wrapper\"><p>C\u2019est ici que l\u2019impl\u00e9mentation des actions pr\u00e9d\u00e9finies d\u00e9bute. En suivant la roadmap, j\u2019impl\u00e9mente, analyse, optimise, design et plus encore pour vous amener \u00e0 l\u2019objectif pr\u00e9c\u00e9demment d\u00e9fini.<\/p>\n<p>En fonction de l\u2019ampleur des actions \u00e0 mettre en place, je peux \u00e9galement faire le lien et suivi avec l\u2019agence responsable de l\u2019impl\u00e9mentation.<\/p>\n<\/div><\/div><\/div><\/div><\/div><div class=\"w-tabs-section\" id=\"1568020873731-3e6edfbc-fc38\"><button class=\"w-tabs-section-header\" aria-controls=\"content-1568020873731-3e6edfbc-fc38\" aria-expanded=\"false\"><h3 class=\"w-tabs-section-title\">Conclusions &#038; optimisations<\/h3><div class=\"w-tabs-section-control\"><\/div><\/button><div  class=\"w-tabs-section-content\" id=\"content-1568020873731-3e6edfbc-fc38\"><div class=\"w-tabs-section-content-h i-cf\"><div class=\"wpb_text_column\"><div class=\"wpb_wrapper\"><p>La derni\u00e8re \u00e9tape du processus a pour but de d\u2019am\u00e9liorer la performance et l\u2019efficacit\u00e9 de la strat\u00e9gie marketing. Que peut-on apprendre des actions en place pour les optimiser\u00a0?<\/p>\n<p>Dans ce but, chaque action est suivie d\u2019un rapport complet sur ses r\u00e9sultats avec des recommandations d\u2019optimisations. Au-del\u00e0 des chiffres et des tableaux, j\u2019inclus toujours des conclusions actionnables et compr\u00e9hensibles par tous les intervenants.<\/p>\n<\/div><\/div><\/div><\/div><\/div><\/div><\/div><\/div><\/div><div class=\"wpb_column vc_column_container\"><div class=\"vc_column-inner\"><\/div><\/div><\/div><\/div><\/section>\n<\/div><\/div><\/div><\/div><\/section><section class=\"l-section wpb_row height_auto width_full\"><div class=\"l-section-h i-cf\"><div class=\"g-cols vc_row via_grid cols_1 laptops-cols_inherit tablets-cols_inherit mobiles-cols_1 valign_top type_default stacking_default\"><div class=\"wpb_column vc_column_container\"><div class=\"vc_column-inner\"><section class=\"l-section wpb_row height_medium\"><div class=\"l-section-h i-cf\"><div class=\"g-cols vc_row via_grid cols_1 laptops-cols_inherit tablets-cols_inherit mobiles-cols_1 valign_top type_default stacking_default\"><div class=\"wpb_column vc_column_container us_custom_60e9caca us_animate_this\"><div class=\"vc_column-inner\"><div class=\"wpb_text_column\"><div class=\"wpb_wrapper\"><h2>Et si on parlait marketing ?<\/h2>\n<\/div><\/div><\/div><\/div><\/div><\/div><\/section><section class=\"l-section wpb_row height_medium color_alternate\"><div class=\"l-section-h i-cf\"><div class=\"g-cols vc_row via_grid cols_1-3 laptops-cols_inherit tablets-cols_inherit mobiles-cols_1 valign_top type_default stacking_default\"><div class=\"wpb_column vc_column_container\"><div class=\"vc_column-inner\"><div class=\"w-popup w-btn-wrapper align_none\"><button type=\"button\" aria-label=\"Contact\" class=\"w-popup-trigger type_btn w-btn us-btn-style_1\"><span class=\"w-btn-label\">Contact<\/span><\/button><div class=\"w-popup-overlay\" style=\"background:rgba(0,0,0,0.85);\"><\/div><div class=\"w-popup-wrap layout_default\" role=\"dialog\" aria-modal=\"true\" aria-label=\"Contact\" style=\"--title-color:var(--color-content-heading);--title-bg-color:var(--color-content-bg-alt);--content-color:var(--color-content-text);--content-bg-color:var(--color-content-bg);--popup-width:600px;--popup-padding:5%;\"><button aria-label=\"Fermer\" class=\"w-popup-closer\" type=\"button\"><\/button><div class=\"w-popup-box animation_fadeIn closerpos_outside with_title\"><div class=\"w-popup-box-h\"><div class=\"w-popup-box-title\">Parlons marketing<\/div><div class=\"w-popup-box-content\"><div class=\"wpcf7 no-js\" id=\"wpcf7-f4348-o1\" lang=\"fr-FR\" dir=\"ltr\" data-wpcf7-id=\"4348\">\n<div class=\"screen-reader-response\"><p role=\"status\" aria-live=\"polite\" aria-atomic=\"true\"><\/p> <ul><\/ul><\/div>\n<form action=\"\/fr\/wp-json\/wp\/v2\/pages\/4281#wpcf7-f4348-o1\" method=\"post\" class=\"wpcf7-form init\" aria-label=\"Formulaire de contact\" novalidate=\"novalidate\" data-status=\"init\">\n<fieldset class=\"hidden-fields-container\"><input type=\"hidden\" name=\"_wpcf7\" value=\"4348\" \/><input type=\"hidden\" name=\"_wpcf7_version\" value=\"6.1.5\" \/><input type=\"hidden\" name=\"_wpcf7_locale\" value=\"fr_FR\" \/><input type=\"hidden\" name=\"_wpcf7_unit_tag\" value=\"wpcf7-f4348-o1\" \/><input type=\"hidden\" name=\"_wpcf7_container_post\" value=\"0\" \/><input type=\"hidden\" name=\"_wpcf7_posted_data_hash\" value=\"\" \/>\n<\/fieldset>\n<p><label> Nom<br \/>\n<span class=\"wpcf7-form-control-wrap\" data-name=\"your-name\"><input size=\"40\" maxlength=\"400\" class=\"wpcf7-form-control wpcf7-text wpcf7-validates-as-required\" autocomplete=\"name\" aria-required=\"true\" aria-invalid=\"false\" value=\"\" type=\"text\" name=\"your-name\" \/><\/span> <\/label>\n<\/p>\n<p><label> email<br \/>\n<span class=\"wpcf7-form-control-wrap\" data-name=\"your-email\"><input size=\"40\" maxlength=\"400\" class=\"wpcf7-form-control wpcf7-email wpcf7-validates-as-required wpcf7-text wpcf7-validates-as-email\" autocomplete=\"email\" aria-required=\"true\" aria-invalid=\"false\" value=\"\" type=\"email\" name=\"your-email\" \/><\/span> <\/label>\n<\/p>\n<p><label> Message<br \/>\n<span class=\"wpcf7-form-control-wrap\" data-name=\"your-message\"><textarea cols=\"40\" rows=\"10\" maxlength=\"2000\" class=\"wpcf7-form-control wpcf7-textarea\" aria-invalid=\"false\" name=\"your-message\"><\/textarea><\/span> <\/label>\n<\/p>\n<p><input class=\"wpcf7-form-control wpcf7-submit has-spinner\" type=\"submit\" value=\"Envoyer\" \/>\n<\/p><div class=\"wpcf7-response-output\" aria-hidden=\"true\"><\/div>\n<\/form>\n<\/div>\n<\/div><\/div><\/div><\/div><\/div><\/div><\/div><div class=\"wpb_column vc_column_container\"><div class=\"vc_column-inner\"><div class=\"wpb_text_column us_custom_8323c574 us_animate_this\"><div class=\"wpb_wrapper\"><p>Contactez-moi pour discuter de la performance et des opportunit\u00e9s d\u2019optimisation de votre strat\u00e9gie marketing. Ou tout simplement pour aller boire un caf\u00e9. J\u2019aime aussi beaucoup le caf\u00e9.<\/p>\n<\/div><\/div><\/div><\/div><\/div><\/div><\/section>\n<\/div><\/div><\/div><\/div><\/section>\n","protected":false},"excerpt":{"rendered":"Services Comment souhaitez-vous atteindre votre audience\u00a0? Strat\u00e9gie marketingLa feuille de route qui am\u00e8ne de la coh\u00e9rence dans vos actions marketing R\u00e9f\u00e9rencement payant (SEA)Quel meilleur emplacement pour votre annonce que celui o\u00f9 vos clients vous cherchent ? R\u00e9f\u00e9rencement organique (SEO)R\u00e9pondez aux requ\u00eates de votre audience avec le contenu ad hoc. Marketing des r\u00e9seaux sociauxCaptez l\u2019attention de...","protected":false},"author":1,"featured_media":4465,"parent":0,"menu_order":0,"comment_status":"closed","ping_status":"closed","template":"","meta":{"footnotes":""},"class_list":["post-4281","page","type-page","status-publish","has-post-thumbnail","hentry"],"yoast_head":"<!-- This site is optimized with the Yoast SEO plugin v27.3 - https:\/\/yoast.com\/product\/yoast-seo-wordpress\/ -->\n<title>Services de consultance en marketing digital - Hgency<\/title>\n<meta name=\"description\" content=\"Comment souhaitez-vous atteindre votre audience ? D\u00e9couvrez mes services pour atteindre vos objectifs marketings\" \/>\n<meta name=\"robots\" content=\"index, follow, max-snippet:-1, max-image-preview:large, max-video-preview:-1\" \/>\n<link rel=\"canonical\" href=\"https:\/\/hgency.be\/fr\/services\/\" \/>\n<meta property=\"og:locale\" content=\"fr_FR\" \/>\n<meta property=\"og:type\" content=\"article\" \/>\n<meta property=\"og:title\" content=\"Services de consultance en marketing digital - Hgency\" \/>\n<meta property=\"og:description\" content=\"Comment souhaitez-vous atteindre votre audience ? D\u00e9couvrez mes services pour atteindre vos objectifs marketings\" \/>\n<meta property=\"og:url\" content=\"https:\/\/hgency.be\/fr\/services\/\" \/>\n<meta property=\"og:site_name\" content=\"HGENCY\" \/>\n<meta property=\"article:modified_time\" content=\"2024-07-16T07:45:19+00:00\" \/>\n<meta property=\"og:image\" content=\"https:\/\/hgency.be\/wp-content\/uploads\/2023\/11\/featured-home.png\" \/>\n\t<meta property=\"og:image:width\" content=\"1200\" \/>\n\t<meta property=\"og:image:height\" content=\"628\" \/>\n\t<meta property=\"og:image:type\" content=\"image\/png\" \/>\n<meta name=\"twitter:card\" content=\"summary_large_image\" \/>\n<meta name=\"twitter:label1\" content=\"Dur\u00e9e de lecture estim\u00e9e\" \/>\n\t<meta name=\"twitter:data1\" content=\"1 minute\" \/>\n<!-- \/ Yoast SEO plugin. -->","yoast_head_json":{"title":"Services de consultance en marketing digital - Hgency","description":"Comment souhaitez-vous atteindre votre audience ? D\u00e9couvrez mes services pour atteindre vos objectifs marketings","robots":{"index":"index","follow":"follow","max-snippet":"max-snippet:-1","max-image-preview":"max-image-preview:large","max-video-preview":"max-video-preview:-1"},"canonical":"https:\/\/hgency.be\/fr\/services\/","og_locale":"fr_FR","og_type":"article","og_title":"Services de consultance en marketing digital - Hgency","og_description":"Comment souhaitez-vous atteindre votre audience ? D\u00e9couvrez mes services pour atteindre vos objectifs marketings","og_url":"https:\/\/hgency.be\/fr\/services\/","og_site_name":"HGENCY","article_modified_time":"2024-07-16T07:45:19+00:00","og_image":[{"width":1200,"height":628,"url":"https:\/\/hgency.be\/wp-content\/uploads\/2023\/11\/featured-home.png","type":"image\/png"}],"twitter_card":"summary_large_image","twitter_misc":{"Dur\u00e9e de lecture estim\u00e9e":"1 minute"},"schema":{"@context":"https:\/\/schema.org","@graph":[{"@type":["WebPage","CollectionPage"],"@id":"https:\/\/hgency.be\/fr\/services\/","url":"https:\/\/hgency.be\/fr\/services\/","name":"Services de consultance en marketing digital - Hgency","isPartOf":{"@id":"https:\/\/hgency.be\/fr\/#website"},"primaryImageOfPage":{"@id":"https:\/\/hgency.be\/fr\/services\/#primaryimage"},"image":{"@id":"https:\/\/hgency.be\/fr\/services\/#primaryimage"},"thumbnailUrl":"https:\/\/hgency.be\/wp-content\/uploads\/2023\/11\/featured-home.png","datePublished":"2016-08-03T07:57:17+00:00","dateModified":"2024-07-16T07:45:19+00:00","description":"Comment souhaitez-vous atteindre votre audience ? D\u00e9couvrez mes services pour atteindre vos objectifs marketings","breadcrumb":{"@id":"https:\/\/hgency.be\/fr\/services\/#breadcrumb"},"inLanguage":"fr-FR"},{"@type":"ImageObject","inLanguage":"fr-FR","@id":"https:\/\/hgency.be\/fr\/services\/#primaryimage","url":"https:\/\/hgency.be\/wp-content\/uploads\/2023\/11\/featured-home.png","contentUrl":"https:\/\/hgency.be\/wp-content\/uploads\/2023\/11\/featured-home.png","width":1200,"height":628,"caption":"hgency home banner"},{"@type":"BreadcrumbList","@id":"https:\/\/hgency.be\/fr\/services\/#breadcrumb","itemListElement":[{"@type":"ListItem","position":1,"name":"Accueil","item":"http:\/\/hgency.be\/fr\/"},{"@type":"ListItem","position":2,"name":"Services"}]},{"@type":"WebSite","@id":"https:\/\/hgency.be\/fr\/#website","url":"https:\/\/hgency.be\/fr\/","name":"Hgency","description":"Performance based marketing","publisher":{"@id":"https:\/\/hgency.be\/fr\/#organization"},"alternateName":"Hugues Ligot","potentialAction":[{"@type":"SearchAction","target":{"@type":"EntryPoint","urlTemplate":"https:\/\/hgency.be\/fr\/?s={search_term_string}"},"query-input":{"@type":"PropertyValueSpecification","valueRequired":true,"valueName":"search_term_string"}}],"inLanguage":"fr-FR"},{"@type":"Organization","@id":"https:\/\/hgency.be\/fr\/#organization","name":"Hgency","alternateName":"Hugues Ligot","url":"https:\/\/hgency.be\/fr\/","logo":{"@type":"ImageObject","inLanguage":"fr-FR","@id":"https:\/\/hgency.be\/fr\/#\/schema\/logo\/image\/","url":"https:\/\/hgency.be\/wp-content\/uploads\/2023\/10\/favicon.png","contentUrl":"https:\/\/hgency.be\/wp-content\/uploads\/2023\/10\/favicon.png","width":512,"height":512,"caption":"Hgency"},"image":{"@id":"https:\/\/hgency.be\/fr\/#\/schema\/logo\/image\/"}}]}},"_links":{"self":[{"href":"https:\/\/hgency.be\/fr\/wp-json\/wp\/v2\/pages\/4281","targetHints":{"allow":["GET"]}}],"collection":[{"href":"https:\/\/hgency.be\/fr\/wp-json\/wp\/v2\/pages"}],"about":[{"href":"https:\/\/hgency.be\/fr\/wp-json\/wp\/v2\/types\/page"}],"author":[{"embeddable":true,"href":"https:\/\/hgency.be\/fr\/wp-json\/wp\/v2\/users\/1"}],"replies":[{"embeddable":true,"href":"https:\/\/hgency.be\/fr\/wp-json\/wp\/v2\/comments?post=4281"}],"version-history":[{"count":13,"href":"https:\/\/hgency.be\/fr\/wp-json\/wp\/v2\/pages\/4281\/revisions"}],"predecessor-version":[{"id":4750,"href":"https:\/\/hgency.be\/fr\/wp-json\/wp\/v2\/pages\/4281\/revisions\/4750"}],"wp:featuredmedia":[{"embeddable":true,"href":"https:\/\/hgency.be\/fr\/wp-json\/wp\/v2\/media\/4465"}],"wp:attachment":[{"href":"https:\/\/hgency.be\/fr\/wp-json\/wp\/v2\/media?parent=4281"}],"curies":[{"name":"wp","href":"https:\/\/api.w.org\/{rel}","templated":true}]}}