{"id":4270,"date":"2016-08-03T09:44:22","date_gmt":"2016-08-03T07:44:22","guid":{"rendered":"https:\/\/hgency.be\/about\/"},"modified":"2024-02-18T17:03:57","modified_gmt":"2024-02-18T16:03:57","slug":"a-propos","status":"publish","type":"page","link":"https:\/\/hgency.be\/fr\/a-propos\/","title":{"rendered":"\u00c0 propos de moi"},"content":{"rendered":"<section class=\"l-section wpb_row height_auto\"><div class=\"l-section-h i-cf\"><div class=\"g-cols vc_row via_grid cols_1-2 laptops-cols_inherit tablets-cols_inherit mobiles-cols_1 valign_middle type_default stacking_default\" style=\"--columns-gap:6vw;\"><div class=\"wpb_column vc_column_container us_custom_de366d1c us_animate_this\"><div class=\"vc_column-inner\"><div class=\"wpb_text_column\"><div class=\"wpb_wrapper\"><h1>Hugues Ligot<\/h1>\n<h3>Marketing Performance &amp; Brand Manager<\/h3>\n<p>Depuis plus de dix ans, je suis sp\u00e9cialis\u00e9 dans la cr\u00e9ation et l\u2019impl\u00e9mentation de strat\u00e9gies marketing optimis\u00e9es \u00e0 la performance. De la cr\u00e9ation de notori\u00e9t\u00e9 jusqu\u2019\u00e0 l\u2019augmentation de ventes, j\u2019ai eu l\u2019occasion d\u2019aider de nombreux clients \u00e0 atteindre leurs objectifs dans divers secteurs et march\u00e9s.<\/p>\n<\/div><\/div><div class=\"w-separator size_large\"><\/div><\/div><\/div><div class=\"wpb_column vc_column_container us_custom_ab4aebb3 us_animate_this has_bg_color stretched\"><div class=\"vc_column-inner\"><div class=\"w-separator size_custom\" style=\"height:30vmax\"><\/div><\/div><\/div><\/div><\/div><\/section><section class=\"l-section wpb_row height_medium color_alternate\"><div class=\"l-section-h i-cf\"><div class=\"g-cols vc_row via_grid cols_2-1 laptops-cols_inherit tablets-cols_inherit mobiles-cols_1 valign_top type_default stacking_default\"><div class=\"wpb_column vc_column_container us_custom_60e9caca us_animate_this\"><div class=\"vc_column-inner\"><div class=\"wpb_text_column\"><div class=\"wpb_wrapper\"><h3>Pouss\u00e9 par mon exp\u00e9rience entrepreneuriale, j\u2019ai pour habitude de sortir des sentiers battus et d\u2019atteindre l\u2019audience cible avec des m\u00e9thodes innovantes.<\/h3>\n<p>Passionn\u00e9 par les chiffres et constamment en recherche de r\u00e9sultats, j\u2019aime travailler dans les entreprises en croissance et les march\u00e9s concurrentiels o\u00f9 je contribue \u00e0 d\u00e9passer les attentes.<\/p>\n<\/div><\/div><\/div><\/div><div class=\"wpb_column vc_column_container\"><div class=\"vc_column-inner\"><\/div><\/div><\/div><\/div><\/section><section class=\"l-section wpb_row height_medium\"><div class=\"l-section-h i-cf\"><div class=\"g-cols vc_row via_grid cols_2-1 laptops-cols_inherit tablets-cols_inherit mobiles-cols_1 valign_top type_default stacking_default\"><div class=\"wpb_column vc_column_container us_custom_60e9caca us_animate_this\"><div class=\"vc_column-inner\"><div class=\"wpb_text_column\"><div class=\"wpb_wrapper\"><h2>Valeurs<\/h2>\n<\/div><\/div><div class=\"w-separator size_large\"><\/div><div class=\"g-cols wpb_row via_grid cols_2 laptops-cols_inherit tablets-cols_inherit mobiles-cols_1 valign_top type_default stacking_default\" style=\"--columns-gap:3rem;\"><div class=\"wpb_column vc_column_container us_custom_60e9caca us_animate_this\"><div class=\"vc_column-inner\"><div class=\"wpb_text_column\"><div class=\"wpb_wrapper\"><h3>Orient\u00e9 R\u00e9sultats<\/h3>\n<\/div><\/div><\/div><\/div><div class=\"wpb_column vc_column_container us_custom_d77bca1a us_animate_this\"><div class=\"vc_column-inner\"><div class=\"wpb_text_column\"><div class=\"wpb_wrapper\"><h3>Transparence<\/h3>\n<\/div><\/div><\/div><\/div><\/div><div class=\"w-separator size_medium\"><\/div><div class=\"g-cols wpb_row via_grid cols_2 laptops-cols_inherit tablets-cols_inherit mobiles-cols_1 valign_top type_default stacking_default\" style=\"--columns-gap:3rem;\"><div class=\"wpb_column vc_column_container us_custom_60e9caca us_animate_this\"><div class=\"vc_column-inner\"><div class=\"wpb_text_column\"><div class=\"wpb_wrapper\"><h3>Responsabilit\u00e9<\/h3>\n<\/div><\/div><\/div><\/div><div class=\"wpb_column vc_column_container us_custom_d77bca1a us_animate_this\"><div class=\"vc_column-inner\"><div class=\"wpb_text_column\"><div class=\"wpb_wrapper\"><h3>Cr\u00e9ativit\u00e9<\/h3>\n<\/div><\/div><\/div><\/div><\/div><div class=\"w-separator size_medium\"><\/div><div class=\"g-cols wpb_row via_grid cols_2 laptops-cols_inherit tablets-cols_inherit mobiles-cols_1 valign_top type_default stacking_default\" style=\"--columns-gap:3rem;\"><div class=\"wpb_column vc_column_container us_custom_60e9caca us_animate_this\"><div class=\"vc_column-inner\"><div class=\"wpb_text_column\"><div class=\"wpb_wrapper\"><h3>Discipline<\/h3>\n<\/div><\/div><\/div><\/div><div class=\"wpb_column vc_column_container us_custom_d77bca1a us_animate_this\"><div class=\"vc_column-inner\"><div class=\"wpb_text_column\"><div class=\"wpb_wrapper\"><h3>Empathie<\/h3>\n<\/div><\/div><\/div><\/div><\/div><div class=\"w-separator size_large\"><\/div><div class=\"w-btn-wrapper align_none\"><a class=\"w-btn us-btn-style_3\" title=\"Services\" href=\"https:\/\/hgency.be\/services\/\"><span class=\"w-btn-label\">Services<\/span><\/a><\/div><\/div><\/div><div class=\"wpb_column vc_column_container\"><div class=\"vc_column-inner\"><\/div><\/div><\/div><\/div><\/section><section class=\"l-section wpb_row height_auto width_full\"><div class=\"l-section-h i-cf\"><div class=\"g-cols vc_row via_grid cols_1 laptops-cols_inherit tablets-cols_inherit mobiles-cols_1 valign_top type_default stacking_default\"><div class=\"wpb_column vc_column_container us_custom_60e9caca us_animate_this\"><div class=\"vc_column-inner\"><section class=\"l-section wpb_row height_medium\"><div class=\"l-section-h i-cf\"><div class=\"g-cols vc_row via_grid cols_1 laptops-cols_inherit tablets-cols_inherit mobiles-cols_1 valign_top type_default stacking_default\"><div class=\"wpb_column vc_column_container us_custom_60e9caca us_animate_this\"><div class=\"vc_column-inner\"><div class=\"wpb_text_column\"><div class=\"wpb_wrapper\"><h2>Et si on parlait marketing ?<\/h2>\n<\/div><\/div><\/div><\/div><\/div><\/div><\/section><section class=\"l-section wpb_row height_medium color_alternate\"><div class=\"l-section-h i-cf\"><div class=\"g-cols vc_row via_grid cols_1-3 laptops-cols_inherit tablets-cols_inherit mobiles-cols_1 valign_top type_default stacking_default\"><div class=\"wpb_column vc_column_container\"><div class=\"vc_column-inner\"><div class=\"w-popup w-btn-wrapper align_none\"><button type=\"button\" aria-label=\"Contact\" class=\"w-popup-trigger type_btn w-btn us-btn-style_1\"><span class=\"w-btn-label\">Contact<\/span><\/button><div class=\"w-popup-overlay\" style=\"background:rgba(0,0,0,0.85);\"><\/div><div class=\"w-popup-wrap layout_default\" role=\"dialog\" aria-modal=\"true\" aria-label=\"Contact\" style=\"--title-color:var(--color-content-heading);--title-bg-color:var(--color-content-bg-alt);--content-color:var(--color-content-text);--content-bg-color:var(--color-content-bg);--popup-width:600px;--popup-padding:5%;\"><button aria-label=\"Fermer\" class=\"w-popup-closer\" type=\"button\"><\/button><div class=\"w-popup-box animation_fadeIn closerpos_outside with_title\"><div class=\"w-popup-box-h\"><div class=\"w-popup-box-title\">Parlons marketing<\/div><div class=\"w-popup-box-content\"><div class=\"wpcf7 no-js\" id=\"wpcf7-f4348-o1\" lang=\"fr-FR\" dir=\"ltr\" data-wpcf7-id=\"4348\">\n<div class=\"screen-reader-response\"><p role=\"status\" aria-live=\"polite\" aria-atomic=\"true\"><\/p> <ul><\/ul><\/div>\n<form action=\"\/fr\/wp-json\/wp\/v2\/pages\/4270#wpcf7-f4348-o1\" method=\"post\" class=\"wpcf7-form init\" aria-label=\"Formulaire de contact\" novalidate=\"novalidate\" data-status=\"init\">\n<fieldset class=\"hidden-fields-container\"><input type=\"hidden\" name=\"_wpcf7\" value=\"4348\" \/><input type=\"hidden\" name=\"_wpcf7_version\" value=\"6.1.5\" \/><input type=\"hidden\" name=\"_wpcf7_locale\" value=\"fr_FR\" \/><input type=\"hidden\" name=\"_wpcf7_unit_tag\" value=\"wpcf7-f4348-o1\" \/><input type=\"hidden\" name=\"_wpcf7_container_post\" value=\"0\" \/><input type=\"hidden\" name=\"_wpcf7_posted_data_hash\" value=\"\" \/>\n<\/fieldset>\n<p><label> Nom<br \/>\n<span class=\"wpcf7-form-control-wrap\" data-name=\"your-name\"><input size=\"40\" maxlength=\"400\" class=\"wpcf7-form-control wpcf7-text wpcf7-validates-as-required\" autocomplete=\"name\" aria-required=\"true\" aria-invalid=\"false\" value=\"\" type=\"text\" name=\"your-name\" \/><\/span> <\/label>\n<\/p>\n<p><label> email<br \/>\n<span class=\"wpcf7-form-control-wrap\" data-name=\"your-email\"><input size=\"40\" maxlength=\"400\" class=\"wpcf7-form-control wpcf7-email wpcf7-validates-as-required wpcf7-text wpcf7-validates-as-email\" autocomplete=\"email\" aria-required=\"true\" aria-invalid=\"false\" value=\"\" type=\"email\" name=\"your-email\" \/><\/span> <\/label>\n<\/p>\n<p><label> Message<br \/>\n<span class=\"wpcf7-form-control-wrap\" data-name=\"your-message\"><textarea cols=\"40\" rows=\"10\" maxlength=\"2000\" class=\"wpcf7-form-control wpcf7-textarea\" aria-invalid=\"false\" name=\"your-message\"><\/textarea><\/span> <\/label>\n<\/p>\n<p><input class=\"wpcf7-form-control wpcf7-submit has-spinner\" type=\"submit\" value=\"Envoyer\" \/>\n<\/p><div class=\"wpcf7-response-output\" aria-hidden=\"true\"><\/div>\n<\/form>\n<\/div>\n<\/div><\/div><\/div><\/div><\/div><\/div><\/div><div class=\"wpb_column vc_column_container\"><div class=\"vc_column-inner\"><div class=\"wpb_text_column us_custom_8323c574 us_animate_this\"><div class=\"wpb_wrapper\"><p>Contactez-moi pour discuter de la performance et des opportunit\u00e9s d\u2019optimisation de votre strat\u00e9gie marketing. Ou tout simplement pour aller boire un caf\u00e9. J\u2019aime aussi beaucoup le caf\u00e9.<\/p>\n<\/div><\/div><\/div><\/div><\/div><\/div><\/section>\n<\/div><\/div><\/div><\/div><\/section>\n","protected":false},"excerpt":{"rendered":"Hugues Ligot Marketing Performance &amp; Brand Manager Depuis plus de dix ans, je suis sp\u00e9cialis\u00e9 dans la cr\u00e9ation et l\u2019impl\u00e9mentation de strat\u00e9gies marketing optimis\u00e9es \u00e0 la performance. De la cr\u00e9ation de notori\u00e9t\u00e9 jusqu\u2019\u00e0 l\u2019augmentation de ventes, j\u2019ai eu l\u2019occasion d\u2019aider de nombreux clients \u00e0 atteindre leurs objectifs dans divers secteurs et march\u00e9s. Pouss\u00e9 par mon...","protected":false},"author":1,"featured_media":4465,"parent":0,"menu_order":0,"comment_status":"closed","ping_status":"closed","template":"","meta":{"footnotes":""},"class_list":["post-4270","page","type-page","status-publish","has-post-thumbnail","hentry"],"yoast_head":"<!-- This site is optimized with the Yoast SEO plugin v27.3 - https:\/\/yoast.com\/product\/yoast-seo-wordpress\/ -->\n<title>\u00c0 propos de moi - Hugues Ligot - Hgency<\/title>\n<meta name=\"description\" content=\"Marketing Performance &amp; Brand Manager freelance passionn\u00e9 par les chiffres et constamment en recherche de r\u00e9sultats\" \/>\n<meta name=\"robots\" content=\"index, follow, max-snippet:-1, max-image-preview:large, max-video-preview:-1\" \/>\n<link rel=\"canonical\" href=\"https:\/\/hgency.be\/fr\/a-propos\/\" \/>\n<meta property=\"og:locale\" content=\"fr_FR\" \/>\n<meta property=\"og:type\" content=\"article\" \/>\n<meta property=\"og:title\" content=\"\u00c0 propos de moi - Hugues Ligot - Hgency\" \/>\n<meta property=\"og:description\" content=\"Marketing Performance &amp; Brand Manager freelance passionn\u00e9 par les chiffres et constamment en recherche de r\u00e9sultats\" \/>\n<meta property=\"og:url\" content=\"https:\/\/hgency.be\/fr\/a-propos\/\" \/>\n<meta property=\"og:site_name\" content=\"HGENCY\" \/>\n<meta property=\"article:modified_time\" content=\"2024-02-18T16:03:57+00:00\" \/>\n<meta property=\"og:image\" content=\"http:\/\/hgency.be\/wp-content\/uploads\/2023\/11\/featured-home.png\" \/>\n\t<meta property=\"og:image:width\" content=\"1200\" \/>\n\t<meta property=\"og:image:height\" content=\"628\" \/>\n\t<meta property=\"og:image:type\" content=\"image\/png\" \/>\n<meta name=\"twitter:card\" content=\"summary_large_image\" \/>\n<meta name=\"twitter:label1\" content=\"Dur\u00e9e de lecture estim\u00e9e\" \/>\n\t<meta name=\"twitter:data1\" content=\"2 minutes\" \/>\n<!-- \/ Yoast SEO plugin. -->","yoast_head_json":{"title":"\u00c0 propos de moi - Hugues Ligot - Hgency","description":"Marketing Performance & Brand Manager freelance passionn\u00e9 par les chiffres et constamment en recherche de r\u00e9sultats","robots":{"index":"index","follow":"follow","max-snippet":"max-snippet:-1","max-image-preview":"max-image-preview:large","max-video-preview":"max-video-preview:-1"},"canonical":"https:\/\/hgency.be\/fr\/a-propos\/","og_locale":"fr_FR","og_type":"article","og_title":"\u00c0 propos de moi - Hugues Ligot - Hgency","og_description":"Marketing Performance & Brand Manager freelance passionn\u00e9 par les chiffres et constamment en recherche de r\u00e9sultats","og_url":"https:\/\/hgency.be\/fr\/a-propos\/","og_site_name":"HGENCY","article_modified_time":"2024-02-18T16:03:57+00:00","og_image":[{"width":1200,"height":628,"url":"http:\/\/hgency.be\/wp-content\/uploads\/2023\/11\/featured-home.png","type":"image\/png"}],"twitter_card":"summary_large_image","twitter_misc":{"Dur\u00e9e de lecture estim\u00e9e":"2 minutes"},"schema":{"@context":"https:\/\/schema.org","@graph":[{"@type":["WebPage","AboutPage"],"@id":"https:\/\/hgency.be\/fr\/a-propos\/","url":"https:\/\/hgency.be\/fr\/a-propos\/","name":"\u00c0 propos de moi - Hugues Ligot - Hgency","isPartOf":{"@id":"https:\/\/hgency.be\/fr\/#website"},"primaryImageOfPage":{"@id":"https:\/\/hgency.be\/fr\/a-propos\/#primaryimage"},"image":{"@id":"https:\/\/hgency.be\/fr\/a-propos\/#primaryimage"},"thumbnailUrl":"https:\/\/hgency.be\/wp-content\/uploads\/2023\/11\/featured-home.png","datePublished":"2016-08-03T07:44:22+00:00","dateModified":"2024-02-18T16:03:57+00:00","description":"Marketing Performance & Brand Manager freelance passionn\u00e9 par les chiffres et constamment en recherche de r\u00e9sultats","breadcrumb":{"@id":"https:\/\/hgency.be\/fr\/a-propos\/#breadcrumb"},"inLanguage":"fr-FR","potentialAction":[{"@type":"ReadAction","target":["https:\/\/hgency.be\/fr\/a-propos\/"]}]},{"@type":"ImageObject","inLanguage":"fr-FR","@id":"https:\/\/hgency.be\/fr\/a-propos\/#primaryimage","url":"https:\/\/hgency.be\/wp-content\/uploads\/2023\/11\/featured-home.png","contentUrl":"https:\/\/hgency.be\/wp-content\/uploads\/2023\/11\/featured-home.png","width":1200,"height":628,"caption":"hgency home banner"},{"@type":"BreadcrumbList","@id":"https:\/\/hgency.be\/fr\/a-propos\/#breadcrumb","itemListElement":[{"@type":"ListItem","position":1,"name":"Accueil","item":"http:\/\/hgency.be\/fr\/"},{"@type":"ListItem","position":2,"name":"\u00c0 propos de moi"}]},{"@type":"WebSite","@id":"https:\/\/hgency.be\/fr\/#website","url":"https:\/\/hgency.be\/fr\/","name":"Hgency","description":"Performance based marketing","publisher":{"@id":"https:\/\/hgency.be\/fr\/#organization"},"alternateName":"Hugues Ligot","potentialAction":[{"@type":"SearchAction","target":{"@type":"EntryPoint","urlTemplate":"https:\/\/hgency.be\/fr\/?s={search_term_string}"},"query-input":{"@type":"PropertyValueSpecification","valueRequired":true,"valueName":"search_term_string"}}],"inLanguage":"fr-FR"},{"@type":"Organization","@id":"https:\/\/hgency.be\/fr\/#organization","name":"Hgency","alternateName":"Hugues Ligot","url":"https:\/\/hgency.be\/fr\/","logo":{"@type":"ImageObject","inLanguage":"fr-FR","@id":"https:\/\/hgency.be\/fr\/#\/schema\/logo\/image\/","url":"https:\/\/hgency.be\/wp-content\/uploads\/2023\/10\/favicon.png","contentUrl":"https:\/\/hgency.be\/wp-content\/uploads\/2023\/10\/favicon.png","width":512,"height":512,"caption":"Hgency"},"image":{"@id":"https:\/\/hgency.be\/fr\/#\/schema\/logo\/image\/"}}]}},"_links":{"self":[{"href":"https:\/\/hgency.be\/fr\/wp-json\/wp\/v2\/pages\/4270","targetHints":{"allow":["GET"]}}],"collection":[{"href":"https:\/\/hgency.be\/fr\/wp-json\/wp\/v2\/pages"}],"about":[{"href":"https:\/\/hgency.be\/fr\/wp-json\/wp\/v2\/types\/page"}],"author":[{"embeddable":true,"href":"https:\/\/hgency.be\/fr\/wp-json\/wp\/v2\/users\/1"}],"replies":[{"embeddable":true,"href":"https:\/\/hgency.be\/fr\/wp-json\/wp\/v2\/comments?post=4270"}],"version-history":[{"count":10,"href":"https:\/\/hgency.be\/fr\/wp-json\/wp\/v2\/pages\/4270\/revisions"}],"predecessor-version":[{"id":4476,"href":"https:\/\/hgency.be\/fr\/wp-json\/wp\/v2\/pages\/4270\/revisions\/4476"}],"wp:featuredmedia":[{"embeddable":true,"href":"https:\/\/hgency.be\/fr\/wp-json\/wp\/v2\/media\/4465"}],"wp:attachment":[{"href":"https:\/\/hgency.be\/fr\/wp-json\/wp\/v2\/media?parent=4270"}],"curies":[{"name":"wp","href":"https:\/\/api.w.org\/{rel}","templated":true}]}}