{"id":4247,"date":"2023-10-28T11:30:07","date_gmt":"2023-10-28T09:30:07","guid":{"rendered":"https:\/\/hgency.be\/cookie-policy\/"},"modified":"2024-08-13T14:52:35","modified_gmt":"2024-08-13T12:52:35","slug":"politique-cookies","status":"publish","type":"page","link":"https:\/\/hgency.be\/fr\/politique-cookies\/","title":{"rendered":"Politique d&#8217;utilisation des Cookies"},"content":{"rendered":"<section class=\"l-section wpb_row height_medium\"><div class=\"l-section-h i-cf\"><div class=\"g-cols vc_row via_grid cols_1 laptops-cols_inherit tablets-cols_inherit mobiles-cols_1 valign_top type_default stacking_default\"><div class=\"wpb_column vc_column_container\"><div class=\"vc_column-inner\"><div class=\"wpb_text_column\"><div class=\"wpb_wrapper\"><h1>Politique d&#8217;utilisation des Cookies<\/h1>\n<h2>D\u00e9finition des cookies<\/h2>\n<p>Un cookie est un petit fichier texte stock\u00e9 sur votre appareil lorsque vous visitez un site web. Les cookies sont largement utilis\u00e9s pour rendre les sites web fonctionnels et pour fournir des informations aux propri\u00e9taires du site. Ils aident \u00e0 m\u00e9moriser vos pr\u00e9f\u00e9rences, telles que les param\u00e8tres de langue, et peuvent suivre votre activit\u00e9 pour am\u00e9liorer votre exp\u00e9rience globale sur le site.<\/p>\n<h2>Quels cookies utilisons-nous et pourquoi ?<\/h2>\n<h3>Cookies fonctionnels<\/h3>\n<p>Un cookie fonctionnel est un type de cookie essentiel au bon fonctionnement d&#8217;un site web. Il permet des fonctionnalit\u00e9s de base, comme la m\u00e9morisation de vos pr\u00e9f\u00e9rences linguistiques, le maintien de votre session ouverte, ou le stockage des articles dans votre panier. Contrairement \u00e0 d&#8217;autres cookies, les cookies fonctionnels sont n\u00e9cessaires pour que le site fonctionne correctement et ne sont g\u00e9n\u00e9ralement pas utilis\u00e9s \u00e0 des fins de suivi ou de publicit\u00e9. Ils garantissent que le site fonctionne comme pr\u00e9vu, offrant une exp\u00e9rience utilisateur fluide et personnalis\u00e9e.<\/p>\n<h4>WPML &#8211; Cookie de pr\u00e9f\u00e9rence linguistique<\/h4>\n<p><strong>Nom<\/strong> : wp-wpml_current_language<\/p>\n<p><strong>Objectif<\/strong> : Ce cookie est utilis\u00e9 pour stocker votre pr\u00e9f\u00e9rence de langue.<\/p>\n<p><strong>Dur\u00e9e de vie<\/strong> : Ce cookie reste sur votre appareil jusqu&#8217;\u00e0 ce que vous le supprimiez ou qu&#8217;il expire apr\u00e8s 30 jours.<\/p>\n<h3>Cookies analytiques<\/h3>\n<p>Un cookie analytique est un type de cookie utilis\u00e9 pour collecter des donn\u00e9es sur la mani\u00e8re dont les visiteurs interagissent avec un site web. Ces cookies recueillent des informations sur les pages consult\u00e9es, les sources de trafic, le temps pass\u00e9 sur le site et le comportement des utilisateurs. Les donn\u00e9es sont ensuite analys\u00e9es pour comprendre les tendances et am\u00e9liorer les performances du site ainsi que l&#8217;exp\u00e9rience utilisateur.<\/p>\n<h4>Google Analytics 4 (GA4) Cookie<\/h4>\n<p><strong>Nom<\/strong> : _ga<\/p>\n<p><strong>Objectif<\/strong> : Ce cookie suit le comportement des utilisateurs sur le site, comme les pages visit\u00e9es et le temps pass\u00e9 sur le site. Les informations collect\u00e9es nous aident \u00e0 am\u00e9liorer votre exp\u00e9rience utilisateur en comprenant comment les visiteurs interagissent avec notre site web.<\/p>\n<p><strong>Dur\u00e9e de vie<\/strong> : Ce cookie reste sur votre appareil jusqu&#8217;\u00e0 ce que vous le supprimiez ou qu&#8217;il expire apr\u00e8s 365 jours.<\/p>\n<h2>Comment refuser ou supprimer les cookies ?<\/h2>\n<p>Vous pouvez g\u00e9rer vos pr\u00e9f\u00e9rences en mati\u00e8re de cookies de la mani\u00e8re suivante :<\/p>\n<ul>\n<li><strong>Refuser la banni\u00e8re de consentement aux cookies<\/strong> : Lors de votre premi\u00e8re visite sur hgency.be, une banni\u00e8re de consentement aux cookies appara\u00eetra, vous permettant d&#8217;accepter ou de refuser les cookies. Si vous choisissez de refuser, les cookies ne seront pas stock\u00e9s sur votre appareil.<\/li>\n<li><strong>Suppression manuelle des cookies<\/strong> : Vous pouvez \u00e9galement supprimer les cookies stock\u00e9s sur votre appareil via les param\u00e8tres de votre navigateur. La plupart des navigateurs vous permettent de visualiser, g\u00e9rer et supprimer les cookies. Veuillez consulter la section d&#8217;aide de votre navigateur pour obtenir des instructions d\u00e9taill\u00e9es sur la fa\u00e7on de proc\u00e9der.<\/li>\n<\/ul>\n<h2>Plus d&#8217;informations<\/h2>\n<p>Si vous souhaitez obtenir plus d&#8217;informations sur l&#8217;utilisation des cookies, vous pouvez nous contacter par e-mail (<a href=\"mailto:hello@hgency.be\">hello@hgency.be<\/a>) ou via le <a href=\"https:\/\/hgency.be\/fr\/contact\/\">formulaire de contact<\/a>.<\/p>\n<\/div><\/div><\/div><\/div><\/div><\/div><\/section>\n","protected":false},"excerpt":{"rendered":"Politique d&#8217;utilisation des Cookies D\u00e9finition des cookies Un cookie est un petit fichier texte stock\u00e9 sur votre appareil lorsque vous visitez un site web. Les cookies sont largement utilis\u00e9s pour rendre les sites web fonctionnels et pour fournir des informations aux propri\u00e9taires du site. Ils aident \u00e0 m\u00e9moriser vos pr\u00e9f\u00e9rences, telles que les param\u00e8tres de...","protected":false},"author":1,"featured_media":0,"parent":0,"menu_order":0,"comment_status":"closed","ping_status":"closed","template":"","meta":{"footnotes":""},"class_list":["post-4247","page","type-page","status-publish","hentry"],"yoast_head":"<!-- This site is optimized with the Yoast SEO plugin v27.4 - https:\/\/yoast.com\/product\/yoast-seo-wordpress\/ -->\n<title>Politique d&#039;utilisation des Cookies - HGENCY<\/title>\n<meta name=\"robots\" content=\"index, follow, max-snippet:-1, max-image-preview:large, max-video-preview:-1\" \/>\n<link rel=\"canonical\" href=\"https:\/\/hgency.be\/fr\/politique-cookies\/\" \/>\n<meta property=\"og:locale\" content=\"fr_FR\" \/>\n<meta property=\"og:type\" content=\"article\" \/>\n<meta property=\"og:title\" content=\"Politique d&#039;utilisation des Cookies - HGENCY\" \/>\n<meta property=\"og:url\" content=\"https:\/\/hgency.be\/fr\/politique-cookies\/\" \/>\n<meta property=\"og:site_name\" content=\"HGENCY\" \/>\n<meta property=\"article:modified_time\" content=\"2024-08-13T12:52:35+00:00\" \/>\n<meta property=\"og:image\" content=\"https:\/\/hgency.be\/wp-content\/uploads\/2023\/11\/featured-home.png\" \/>\n\t<meta property=\"og:image:width\" content=\"1200\" \/>\n\t<meta property=\"og:image:height\" content=\"628\" \/>\n\t<meta property=\"og:image:type\" content=\"image\/png\" \/>\n<meta name=\"twitter:card\" content=\"summary_large_image\" \/>\n<meta name=\"twitter:label1\" content=\"Dur\u00e9e de lecture estim\u00e9e\" \/>\n\t<meta name=\"twitter:data1\" content=\"3 minutes\" \/>\n<!-- \/ Yoast SEO plugin. -->","yoast_head_json":{"title":"Politique d'utilisation des Cookies - HGENCY","robots":{"index":"index","follow":"follow","max-snippet":"max-snippet:-1","max-image-preview":"max-image-preview:large","max-video-preview":"max-video-preview:-1"},"canonical":"https:\/\/hgency.be\/fr\/politique-cookies\/","og_locale":"fr_FR","og_type":"article","og_title":"Politique d'utilisation des Cookies - HGENCY","og_url":"https:\/\/hgency.be\/fr\/politique-cookies\/","og_site_name":"HGENCY","article_modified_time":"2024-08-13T12:52:35+00:00","og_image":[{"width":1200,"height":628,"url":"https:\/\/hgency.be\/wp-content\/uploads\/2023\/11\/featured-home.png","type":"image\/png"}],"twitter_card":"summary_large_image","twitter_misc":{"Dur\u00e9e de lecture estim\u00e9e":"3 minutes"},"schema":{"@context":"https:\/\/schema.org","@graph":[{"@type":"WebPage","@id":"https:\/\/hgency.be\/fr\/politique-cookies\/","url":"https:\/\/hgency.be\/fr\/politique-cookies\/","name":"Politique d'utilisation des Cookies - HGENCY","isPartOf":{"@id":"http:\/\/hgency.be\/fr\/#website"},"datePublished":"2023-10-28T09:30:07+00:00","dateModified":"2024-08-13T12:52:35+00:00","breadcrumb":{"@id":"https:\/\/hgency.be\/fr\/politique-cookies\/#breadcrumb"},"inLanguage":"fr-FR","potentialAction":[{"@type":"ReadAction","target":["https:\/\/hgency.be\/fr\/politique-cookies\/"]}]},{"@type":"BreadcrumbList","@id":"https:\/\/hgency.be\/fr\/politique-cookies\/#breadcrumb","itemListElement":[{"@type":"ListItem","position":1,"name":"Accueil","item":"http:\/\/hgency.be\/fr\/"},{"@type":"ListItem","position":2,"name":"Politique d&#8217;utilisation des Cookies"}]},{"@type":"WebSite","@id":"http:\/\/hgency.be\/fr\/#website","url":"http:\/\/hgency.be\/fr\/","name":"Hgency","description":"Performance based marketing","publisher":{"@id":"http:\/\/hgency.be\/fr\/#organization"},"alternateName":"Hugues Ligot","potentialAction":[{"@type":"SearchAction","target":{"@type":"EntryPoint","urlTemplate":"http:\/\/hgency.be\/fr\/?s={search_term_string}"},"query-input":{"@type":"PropertyValueSpecification","valueRequired":true,"valueName":"search_term_string"}}],"inLanguage":"fr-FR"},{"@type":"Organization","@id":"http:\/\/hgency.be\/fr\/#organization","name":"Hgency","alternateName":"Hugues Ligot","url":"http:\/\/hgency.be\/fr\/","logo":{"@type":"ImageObject","inLanguage":"fr-FR","@id":"http:\/\/hgency.be\/fr\/#\/schema\/logo\/image\/","url":"https:\/\/hgency.be\/wp-content\/uploads\/2023\/10\/favicon.png","contentUrl":"https:\/\/hgency.be\/wp-content\/uploads\/2023\/10\/favicon.png","width":512,"height":512,"caption":"Hgency"},"image":{"@id":"http:\/\/hgency.be\/fr\/#\/schema\/logo\/image\/"}}]}},"_links":{"self":[{"href":"https:\/\/hgency.be\/fr\/wp-json\/wp\/v2\/pages\/4247","targetHints":{"allow":["GET"]}}],"collection":[{"href":"https:\/\/hgency.be\/fr\/wp-json\/wp\/v2\/pages"}],"about":[{"href":"https:\/\/hgency.be\/fr\/wp-json\/wp\/v2\/types\/page"}],"author":[{"embeddable":true,"href":"https:\/\/hgency.be\/fr\/wp-json\/wp\/v2\/users\/1"}],"replies":[{"embeddable":true,"href":"https:\/\/hgency.be\/fr\/wp-json\/wp\/v2\/comments?post=4247"}],"version-history":[{"count":5,"href":"https:\/\/hgency.be\/fr\/wp-json\/wp\/v2\/pages\/4247\/revisions"}],"predecessor-version":[{"id":4768,"href":"https:\/\/hgency.be\/fr\/wp-json\/wp\/v2\/pages\/4247\/revisions\/4768"}],"wp:attachment":[{"href":"https:\/\/hgency.be\/fr\/wp-json\/wp\/v2\/media?parent=4247"}],"curies":[{"name":"wp","href":"https:\/\/api.w.org\/{rel}","templated":true}]}}